{"id":790,"date":"2021-04-02T11:10:42","date_gmt":"2021-04-02T09:10:42","guid":{"rendered":"https:\/\/help.eco-visio.net\/?page_id=790"},"modified":"2025-07-03T15:10:42","modified_gmt":"2025-07-03T13:10:42","slug":"home","status":"publish","type":"page","link":"https:\/\/help.eco-visio.net\/index.php\/de\/","title":{"rendered":"Homepage"},"content":{"rendered":"<p>[vc_row row_content_display=&#8221;full_width&#8221; row_content_display_align=&#8221;center&#8221; row_type=&#8221;parallax&#8221; plx_background_image_position=&#8221;center top&#8221; plx_background_opacity=&#8221;true&#8221; plx_background_opacity_color=&#8221;rgba(55,56,53,0.49)&#8221; css=&#8221;.vc_custom_1702462839868{padding-top: 0px !important;padding-right: 0px !important;padding-bottom: 0px !important;padding-left: 0px !important;background-position: 0 0 !important;background-repeat: no-repeat !important;}&#8221;][vc_column width=&#8221;1\/2&#8243; css=&#8221;.vc_custom_1702458896356{background-color: #ffffff !important;}&#8221;][vc_cta h2=&#8221;\u00c4ltere Lizenzen&#8221; h2_font_container=&#8221;font_size:35&#8243; h2_google_fonts=&#8221;font_family:Montserrat%3Aregular%2C700|font_style:400%20regular%3A400%3Anormal&#8221; txt_align=&#8221;center&#8221; add_button=&#8221;bottom&#8221; btn_title=&#8221;Online-Support f\u00fcr \u00e4ltere Lizenzen&#8221; btn_style=&#8221;gradient-custom&#8221; btn_gradient_custom_color_1=&#8221;#d4d600&#8243; btn_gradient_custom_color_2=&#8221;#d4d600&#8243; btn_gradient_text_color=&#8221;#3c3c3c&#8221; btn_align=&#8221;center&#8221; use_custom_fonts_h2=&#8221;true&#8221; css=&#8221;.vc_custom_1716975041499{background-color: #ffffff !important;background-position: center !important;background-repeat: no-repeat !important;background-size: cover !important;}&#8221; btn_link=&#8221;url:https%3A%2F%2Fhelp.eco-visio.net%2Findex.php%2Fde%2Fbase-connaissance%2Feco-visio-5-de%2F&#8221;]<\/p>\r\n<p><span data-contrast=\"auto\">Falls Sie eine \u00e4ltere Eco-Visio-Lizenz nutzen und noch nicht auf unsere neuen Serviceangebote umgestellt haben, finden Sie hier die Antworten auf Ihre Fragen.<\/span><span data-ccp-props=\"{&quot;201341983&quot;:0,&quot;335559739&quot;:160,&quot;335559740&quot;:259}\">\u00a0<\/span><\/p>\r\n<p>[\/vc_cta][\/vc_column][vc_column width=&#8221;1\/2&#8243; css=&#8221;.vc_custom_1702460895413{background-color: #ffffff !important;}&#8221;][vc_cta h2=&#8221;Neue Lizenzen&#8221; h2_font_container=&#8221;font_size:35&#8243; h2_google_fonts=&#8221;font_family:Montserrat%3Aregular%2C700|font_style:400%20regular%3A400%3Anormal&#8221; txt_align=&#8221;center&#8221; add_button=&#8221;bottom&#8221; btn_title=&#8221;Online-Support f\u00fcr neue Lizenzen&#8221; btn_style=&#8221;gradient-custom&#8221; btn_gradient_custom_color_1=&#8221;#d4d600&#8243; btn_gradient_custom_color_2=&#8221;#d4d600&#8243; btn_gradient_text_color=&#8221;#3c3c3c&#8221; btn_align=&#8221;center&#8221; use_custom_fonts_h2=&#8221;true&#8221; css=&#8221;.vc_custom_1717146518370{background-color: #ffffff !important;background-position: center !important;background-repeat: no-repeat !important;background-size: cover !important;}&#8221; btn_link=&#8221;url:https%3A%2F%2Fhelp.eco-visio.net%2Findex.php%2Fde%2Fwaehlen-sie-ihre-lizenz-aus%2F&#8221;]<\/p>\r\n<p><span data-contrast=\"auto\">Sind Sie unl\u00e4ngst auf eine unserer neuen Lizenzen \u2013\u202fLight, Basic, Professional oder Expert\u202f\u2013 umgestiegen? Dann finden Sie hier Antworten auf alle Ihre Fragen zur Nutzung von Eco-Visio.<\/span><span data-ccp-props=\"{&quot;201341983&quot;:0,&quot;335559739&quot;:160,&quot;335559740&quot;:259}\">\u00a0<\/span><\/p>\r\n<p>[\/vc_cta][\/vc_column][\/vc_row][vc_row row_content_display=&#8221;in_grid&#8221; row_content_display_align=&#8221;left&#8221; row_type=&#8221;row&#8221; stretch_row_type=&#8221;yes&#8221;][\/vc_row][vc_row row_content_display=&#8221;in_grid&#8221; row_content_display_align=&#8221;left&#8221; row_type=&#8221;row&#8221; stretch_row_type=&#8221;yes&#8221;][vc_column][vc_separator][vc_column_text]<\/p>\r\n<h2 class=\"wp-block-heading\">Neuigkeiten in Eco-Visio<\/h2>\r\n<p>Eco-Visio wird regelm\u00e4\u00dfig aktualisiert, um Ihnen immer fortschrittlichere Funktionen f\u00fcr die Datenanalyse zu bieten.[\/vc_column_text][vc_btn title=&#8221;Zu den \u00c4nderungen&#8221; color=&#8221;inverse&#8221; align=&#8221;center&#8221; link=&#8221;url:https%3A%2F%2Fhelp.eco-visio.net%2Findex.php%2Fde%2Feco-visio-news%2F&#8221;][\/vc_column][\/vc_row][vc_row row_content_display=&#8221;in_grid&#8221; row_content_display_align=&#8221;left&#8221; row_type=&#8221;row&#8221; stretch_row_type=&#8221;yes&#8221;][vc_column width=&#8221;1\/2&#8243;][vc_column_text css=&#8221;.vc_custom_1712845184335{margin-top: 20px !important;}&#8221;]<\/p>\r\n<h3 class=\"wp-block-heading\">Meistgelesene Artikel<\/h3>\r\n<p><!-- \/wp:post-content -->\r\n\r\n<!-- wp:shortcode --><div class=\"theme-widget vc_kb_article_type\"><h6 style=\"text-align:right;\"><span><\/span><\/h6><ul class=\"clearfix\"><li class=\"articles\"><a href=\"https:\/\/help.eco-visio.net\/index.php\/fr\/knowledgebase\/restaurer-un-site-supprime\/\" rel=\"bookmark\">Restaurer un site de comptage supprim\u00e9<\/a><\/li><li class=\"articles\"><a href=\"https:\/\/help.eco-visio.net\/index.php\/fr\/knowledgebase\/create_event\/\" rel=\"bookmark\">Cr\u00e9er un \u00e9v\u00e8nement<\/a><\/li><li class=\"articles\"><a href=\"https:\/\/help.eco-visio.net\/index.php\/fr\/knowledgebase\/duplicate_widget\/\" rel=\"bookmark\">Dupliquer un widget<\/a><\/li><li class=\"articles\"><a href=\"https:\/\/help.eco-visio.net\/index.php\/fr\/knowledgebase\/creer-une-formule-de-site\/\" rel=\"bookmark\">Cr\u00e9er une formule de site (ESSENTIEL, PROFESSIONNEL &#038; EXPERT)<\/a><\/li><\/ul><\/div>[\/vc_column_text][\/vc_column][vc_column width=&#8221;1\/2&#8243;][vc_column_text css=&#8221;.vc_custom_1712863029546{margin-top: 10px !important;}&#8221;]<\/p>\r\n<div class=\"wp-block-column\"><!-- \/wp:shortcode --><\/div>\r\n<h2 class=\"wp-block-heading has-text-align-center\"><!-- \/wp:column --><\/h2>\r\n<!-- wp:column {\"width\":\"50%\"} -->\r\n<div class=\"wp-block-column\">\r\n<h3 class=\"wp-block-heading\">FAQ<\/h3>\r\n<p>[vc_toggle title=&#8221;Sind die 10:00-Uhr-Daten die zwischen 09:00 und 10:00 Uhr oder die zwischen 10:00 und 11:00 Uhr erhobenen Daten?&#8221; style=&#8221;round&#8221; color=&#8221;sandy_brown&#8221; custom_font_container=&#8221;tag:h6|text_align:left&#8221; custom_use_theme_fonts=&#8221;yes&#8221; use_custom_heading=&#8221;true&#8221;]Im Stunden-Analyseformat sind 11:00-Uhr-Daten die zwischen 11:00 und 12:00 Uhr gespeicherten Daten. Im 15-Minuten-Analyseformat sind 11:00-Uhr-Daten die zwischen 11:00 und 11:15 Uhr gespeicherten Daten.[\/vc_toggle]<br \/>[vc_toggle title=&#8221;Was ist der Unterschied zwischen einer Z\u00e4hlstelle und einem Z\u00e4hler?&#8221; style=&#8221;round&#8221; color=&#8221;sandy_brown&#8221; custom_font_container=&#8221;tag:h6|text_align:left&#8221; custom_use_theme_fonts=&#8221;yes&#8221; use_custom_heading=&#8221;true&#8221;]Der Z\u00e4hler ist das Ger\u00e4t, mit dem gez\u00e4hlt wird. Die Z\u00e4hlstelle ist der Ort bzw. das Areal, wo Daten von einem oder mehreren Z\u00e4hlern erfasst werden.[\/vc_toggle]<br \/>[vc_toggle title=&#8221;Was ist eine Z\u00e4hlstelle?&#8221; style=&#8221;round&#8221; color=&#8221;sandy_brown&#8221; custom_font_container=&#8221;tag:h6|text_align:left&#8221; custom_use_theme_fonts=&#8221;yes&#8221; use_custom_heading=&#8221;true&#8221;]Eine Z\u00e4hlstelle ist ein Areal, auf dem Z\u00e4hlungen durchgef\u00fchrt werden. Einer Z\u00e4hlstelle k\u00f6nnen mehrere Z\u00e4hler zugeordnet sein.[\/vc_toggle]<\/p>\r\n<\/div>\r\n<p>[\/vc_column_text][\/vc_column][\/vc_row][vc_row row_content_display=&#8221;in_grid&#8221; row_content_display_align=&#8221;center&#8221; row_type=&#8221;row&#8221; stretch_row_type=&#8221;yes&#8221; el_id=&#8221;kontakt&#8221;][vc_column][vc_column_text css=&#8221;.vc_custom_1751548216830{margin-top: 20px !important;}&#8221;]<\/p>\r\n<div class=\"wp-block-column\" style=\"flex-basis: 60%;\"><!-- wp:html --> <a id=\"contactez-nous\"><\/a> <!-- \/wp:html --><br \/><!-- wp:heading {\"textAlign\":\"center\",\"level\":3} --><\/div>\r\n<h2 class=\"wp-block-heading\">Haben Sie noch fragen?<br \/>Wir k\u00f6nnen Ihnen helfen!<\/h2>\r\n<p>[\/vc_column_text]\n<div class=\"wpcf7 no-js\" id=\"wpcf7-f1552-o1\" lang=\"fr-FR\" dir=\"ltr\" data-wpcf7-id=\"1552\">\n<div class=\"screen-reader-response\"><p role=\"status\" aria-live=\"polite\" aria-atomic=\"true\"><\/p> <ul><\/ul><\/div>\n<form action=\"\/index.php\/wp-json\/wp\/v2\/pages\/790#wpcf7-f1552-o1\" method=\"post\" class=\"wpcf7-form init\" aria-label=\"Formulaire de contact\" novalidate=\"novalidate\" data-status=\"init\">\n<fieldset class=\"hidden-fields-container\"><input type=\"hidden\" name=\"_wpcf7\" value=\"1552\" \/><input type=\"hidden\" name=\"_wpcf7_version\" value=\"6.1.5\" \/><input type=\"hidden\" name=\"_wpcf7_locale\" value=\"fr_FR\" \/><input type=\"hidden\" name=\"_wpcf7_unit_tag\" value=\"wpcf7-f1552-o1\" \/><input type=\"hidden\" name=\"_wpcf7_container_post\" value=\"0\" \/><input type=\"hidden\" name=\"_wpcf7_posted_data_hash\" value=\"\" \/><input type=\"hidden\" name=\"_wpcf7_recaptcha_response\" value=\"\" \/>\n<\/fieldset>\n<p><label> Name (*)<br \/>\n<span class=\"wpcf7-form-control-wrap\" data-name=\"your-name\"><input size=\"40\" maxlength=\"400\" class=\"wpcf7-form-control wpcf7-text wpcf7-validates-as-required\" aria-required=\"true\" aria-invalid=\"false\" value=\"\" type=\"text\" name=\"your-name\" \/><\/span> <\/label>\n<\/p>\n<p><label> Emailadresse (*)<br \/>\n<span class=\"wpcf7-form-control-wrap\" data-name=\"email\"><input size=\"40\" maxlength=\"400\" class=\"wpcf7-form-control wpcf7-email wpcf7-validates-as-required wpcf7-text wpcf7-validates-as-email\" aria-required=\"true\" aria-invalid=\"false\" value=\"\" type=\"email\" name=\"email\" \/><\/span> <\/label>\n<\/p>\n<p><label> Telefonnummer (*)<br \/>\n<span class=\"wpcf7-form-control-wrap\" data-name=\"phone\"><input size=\"40\" maxlength=\"400\" class=\"wpcf7-form-control wpcf7-text wpcf7-validates-as-required\" aria-required=\"true\" aria-invalid=\"false\" value=\"\" type=\"text\" name=\"phone\" \/><\/span> <\/label>\n<\/p>\n<p><label> Organisation (*)<br \/>\n<span class=\"wpcf7-form-control-wrap\" data-name=\"organisation\"><input size=\"40\" maxlength=\"400\" class=\"wpcf7-form-control wpcf7-text wpcf7-validates-as-required\" aria-required=\"true\" aria-invalid=\"false\" value=\"\" type=\"text\" name=\"organisation\" \/><\/span> <\/label>\n<\/p>\n<p><label> Seriennummer<br \/>\n<span class=\"wpcf7-form-control-wrap\" data-name=\"serialnumber\"><input size=\"40\" maxlength=\"400\" class=\"wpcf7-form-control wpcf7-text\" aria-invalid=\"false\" value=\"\" type=\"text\" name=\"serialnumber\" \/><\/span> <\/label>\n<\/p>\n<p><label> Name der Z\u00e4hlstelle<br \/>\n<span class=\"wpcf7-form-control-wrap\" data-name=\"sitename\"><input size=\"40\" maxlength=\"400\" class=\"wpcf7-form-control wpcf7-text\" aria-invalid=\"false\" value=\"\" type=\"text\" name=\"sitename\" \/><\/span> <\/label>\n<\/p>\n<p><label> Land<br \/>\n<span class=\"wpcf7-form-control-wrap\" data-name=\"Land\"><select class=\"wpcf7-form-control wpcf7-select\" aria-invalid=\"false\" name=\"Land\"><option value=\"Deutschland\">Deutschland<\/option><option value=\"Osterreich\">Osterreich<\/option><option value=\"Schweiz\">Schweiz<\/option><option value=\"anderes Land\">anderes Land<\/option><\/select><\/span> <\/label>\n<\/p>\n<p><label> Ihre Nachricht (optional)<br \/>\n<span class=\"wpcf7-form-control-wrap\" data-name=\"message\"><textarea cols=\"40\" rows=\"10\" maxlength=\"2000\" class=\"wpcf7-form-control wpcf7-textarea\" aria-invalid=\"false\" name=\"message\"><\/textarea><\/span> <\/label>\n<\/p>\n<p><input class=\"wpcf7-form-control wpcf7-submit has-spinner\" type=\"submit\" value=\"Senden\" \/>\n<\/p><div class=\"wpcf7-response-output\" aria-hidden=\"true\"><\/div>\n<\/form>\n<\/div>\n[\/vc_column][\/vc_row]<\/p>","protected":false},"excerpt":{"rendered":"<p>[vc_row row_content_display=&#8221;full_width&#8221; row_content_display_align=&#8221;center&#8221; row_type=&#8221;parallax&#8221; plx_background_image_position=&#8221;center top&#8221; plx_background_opacity=&#8221;true&#8221; plx_background_opacity_color=&#8221;rgba(55,56,53,0.49)&#8221; css=&#8221;.vc_custom_1702462839868{padding-top: 0px !important;padding-right: 0px !important;padding-bottom: 0px !important;padding-left: 0px !important;background-position: 0 0 !important;background-repeat: no-repeat !important;}&#8221;][vc_column width=&#8221;1\/2&#8243; css=&#8221;.vc_custom_1702458896356{background-color: #ffffff !important;}&#8221;][vc_cta h2=&#8221;\u00c4ltere Lizenzen&#8221; h2_font_container=&#8221;font_size:35&#8243; h2_google_fonts=&#8221;font_family:Montserrat%3Aregular%2C700|font_style:400%20regular%3A400%3Anormal&#8221; txt_align=&#8221;center&#8221; add_button=&#8221;bottom&#8221; btn_title=&#8221;Online-Support f\u00fcr \u00e4ltere Lizenzen&#8221; btn_style=&#8221;gradient-custom&#8221; btn_gradient_custom_color_1=&#8221;#d4d600&#8243; btn_gradient_custom_color_2=&#8221;#d4d600&#8243; btn_gradient_text_color=&#8221;#3c3c3c&#8221; btn_align=&#8221;center&#8221; use_custom_fonts_h2=&#8221;true&#8221; css=&#8221;.vc_custom_1716975041499{background-color: #ffffff !important;background-position: center !important;background-repeat: no-repeat !important;background-size: cover !important;}&#8221; btn_link=&#8221;url:https%3A%2F%2Fhelp.eco-visio.net%2Findex.php%2Fde%2Fbase-connaissance%2Feco-visio-5-de%2F&#8221;] Falls Sie eine [&hellip;]<\/p>\n","protected":false},"author":1,"featured_media":0,"parent":0,"menu_order":0,"comment_status":"closed","ping_status":"closed","template":"","meta":{"_uag_custom_page_level_css":"","footnotes":""},"class_list":["post-790","page","type-page","status-publish","hentry"],"lang":"de","translations":{"de":790,"fr":2090,"en":2166,"es":3009},"uagb_featured_image_src":{"full":false,"thumbnail":false,"medium":false,"medium_large":false,"large":false,"1536x1536":false,"2048x2048":false,"post-thumbnail":false,"lipi-image-700x525":false},"uagb_author_info":{"display_name":"ecovisio","author_link":"https:\/\/help.eco-visio.net\/index.php\/author\/ecovisio\/"},"uagb_comment_info":0,"uagb_excerpt":"[vc_row row_content_display=&#8221;full_width&#8221; row_content_display_align=&#8221;center&#8221; row_type=&#8221;parallax&#8221; plx_background_image_position=&#8221;center top&#8221; plx_background_opacity=&#8221;true&#8221; plx_background_opacity_color=&#8221;rgba(55,56,53,0.49)&#8221; css=&#8221;.vc_custom_1702462839868{padding-top: 0px !important;padding-right: 0px !important;padding-bottom: 0px !important;padding-left: 0px !important;background-position: 0 0 !important;background-repeat: no-repeat !important;}&#8221;][vc_column width=&#8221;1\/2&#8243; css=&#8221;.vc_custom_1702458896356{background-color: #ffffff !important;}&#8221;][vc_cta h2=&#8221;\u00c4ltere Lizenzen&#8221; h2_font_container=&#8221;font_size:35&#8243; h2_google_fonts=&#8221;font_family:Montserrat%3Aregular%2C700|font_style:400%20regular%3A400%3Anormal&#8221; txt_align=&#8221;center&#8221; add_button=&#8221;bottom&#8221; btn_title=&#8221;Online-Support f\u00fcr \u00e4ltere Lizenzen&#8221; btn_style=&#8221;gradient-custom&#8221; btn_gradient_custom_color_1=&#8221;#d4d600&#8243; btn_gradient_custom_color_2=&#8221;#d4d600&#8243; btn_gradient_text_color=&#8221;#3c3c3c&#8221; btn_align=&#8221;center&#8221; use_custom_fonts_h2=&#8221;true&#8221; css=&#8221;.vc_custom_1716975041499{background-color: #ffffff !important;background-position: center !important;background-repeat: no-repeat !important;background-size: cover !important;}&#8221; btn_link=&#8221;url:https%3A%2F%2Fhelp.eco-visio.net%2Findex.php%2Fde%2Fbase-connaissance%2Feco-visio-5-de%2F&#8221;] Falls Sie eine&hellip;","pll_sync_post":[],"_links":{"self":[{"href":"https:\/\/help.eco-visio.net\/index.php\/wp-json\/wp\/v2\/pages\/790","targetHints":{"allow":["GET"]}}],"collection":[{"href":"https:\/\/help.eco-visio.net\/index.php\/wp-json\/wp\/v2\/pages"}],"about":[{"href":"https:\/\/help.eco-visio.net\/index.php\/wp-json\/wp\/v2\/types\/page"}],"author":[{"embeddable":true,"href":"https:\/\/help.eco-visio.net\/index.php\/wp-json\/wp\/v2\/users\/1"}],"replies":[{"embeddable":true,"href":"https:\/\/help.eco-visio.net\/index.php\/wp-json\/wp\/v2\/comments?post=790"}],"version-history":[{"count":73,"href":"https:\/\/help.eco-visio.net\/index.php\/wp-json\/wp\/v2\/pages\/790\/revisions"}],"predecessor-version":[{"id":10353,"href":"https:\/\/help.eco-visio.net\/index.php\/wp-json\/wp\/v2\/pages\/790\/revisions\/10353"}],"wp:attachment":[{"href":"https:\/\/help.eco-visio.net\/index.php\/wp-json\/wp\/v2\/media?parent=790"}],"curies":[{"name":"wp","href":"https:\/\/api.w.org\/{rel}","templated":true}]}}