{"id":6484,"date":"2024-03-01T13:57:22","date_gmt":"2024-03-01T12:57:22","guid":{"rendered":"https:\/\/help.eco-visio.net\/?page_id=6484"},"modified":"2024-03-01T15:39:15","modified_gmt":"2024-03-01T14:39:15","slug":"versionshinweise","status":"publish","type":"page","link":"https:\/\/help.eco-visio.net\/index.php\/de\/versionshinweise\/","title":{"rendered":"Versionshinweise"},"content":{"rendered":"<p>[vc_row row_content_display=&#8221;in_grid&#8221; row_content_display_align=&#8221;left&#8221; row_type=&#8221;row&#8221; stretch_row_type=&#8221;yes&#8221;][vc_column][vc_column_text]<\/p>\n<h1>Versionshinweise<\/h1>\n<p>[\/vc_column_text][\/vc_column][\/vc_row][vc_row row_content_display=&#8221;in_grid&#8221; row_content_display_align=&#8221;left&#8221; row_type=&#8221;row&#8221; stretch_row_type=&#8221;yes&#8221;][vc_column][vc_tta_accordion][vc_tta_section title=&#8221;Ein sichereres Eco-Visio-Konto.&#8221; tab_id=&#8221;1709298532614-eb701bda-87ee&#8221;][vc_column_text]<span data-contrast=\"auto\">In den kommenden Wochen wird f\u00fcr die Anmeldung bei Eco-Visio ein Verifizierungscode ben\u00f6tigt, um die Sicherheit zu erh\u00f6hen. Dieser Code wird an die mit Ihrem Eco-Visio-Konto verkn\u00fcpfte E-Mail-Adresse gesendet. Bitte stellen Sie sicher, dass jeder Benutzer innerhalb Ihrer Domain eine g\u00fcltige und pers\u00f6nlich erreichbare E-Mail-Adresse hat, um diesen Code zu erhalten. Es handelt sich um eine einmalige \u00dcberpr\u00fcfung, die nicht wiederholt werden muss, sofern der Zugangsbrowser unver\u00e4ndert bleibt.<\/span><span data-ccp-props=\"{&quot;201341983&quot;:0,&quot;335559739&quot;:0,&quot;335559740&quot;:240}\">\u00a0<\/span><\/p>\n<p><a href=\"https:\/\/help.eco-visio.net\/index.php\/de\/knowledgebase\/verification_code\/\">Mehr Infos<\/a>[\/vc_column_text][\/vc_tta_section][vc_tta_section title=&#8221;Verwalten Sie die Z\u00e4hlstellen, die f\u00fcr Ihre Benutzer sichtbar sind.&#8221; tab_id=&#8221;1709298532614-a93cee58-6f1d&#8221;][vc_column_text]<span data-contrast=\"auto\">Sie k\u00f6nnen Ihren Benutzern jetzt Echtzeit-Zugang zu allen Z\u00e4hlstellen in Ihrer Eco-Visio-Domain geben. Wenn Sie sich f\u00fcr die Option &#8220;alle Standorte&#8221; entscheiden, m\u00fcssen Sie nach der Installation der zuk\u00fcnftigen Z\u00e4hler nichts weiter tun: Ihre Benutzer haben dann automatisch Zugang zu allen Z\u00e4hlstandorten in Ihrer Domain.\u202f\u202f\u00a0<\/span><span data-ccp-props=\"{&quot;201341983&quot;:0,&quot;335559739&quot;:0,&quot;335559740&quot;:240}\">\u00a0<\/span><\/p>\n<p><span data-contrast=\"auto\">Alternativ k\u00f6nnen Sie Ihren Nutzern jederzeit Zugang zu einer vordefinierten Liste von Z\u00e4hlstellen geben, die auf bestimmten geografischen Gebieten oder anderen Kriterien basiert.<\/span><span data-ccp-props=\"{&quot;201341983&quot;:0,&quot;335559739&quot;:0,&quot;335559740&quot;:240}\">\u00a0<\/span><\/p>\n<p><a href=\"https:\/\/help.eco-visio.net\/index.php\/de\/knowledgebase\/counting-site-management\/\">Mehr Infos<\/a>[\/vc_column_text][\/vc_tta_section][vc_tta_section title=&#8221;Archivieren Sie Standorte, wenn sie nicht mehr genutzt werden.&#8221; tab_id=&#8221;1709299557773-58a73be7-ad30&#8243;][vc_column_text]<span data-contrast=\"auto\">Ihre Eco-Visio-Domain enth\u00e4lt ggf. inaktive Z\u00e4hlstandorte, an denen einmal Daten erhoben, aber welche heute nicht mehr aktiv im Einsatz und keinem Z\u00e4hlger\u00e4t mehr zugeordnet sind? Sie m\u00f6chten den Zugriff auf diese Daten behalten, ohne diese Standorte jedoch t\u00e4glich in Ihrer Eco-Visio-Auflistung zu sehen? Die Archivierung ist eine gute M\u00f6glichkeit, die Daten zu erhalten, ohne die Z\u00e4hlstelle zu l\u00f6schen. Eine archivierte Z\u00e4hlstelle kann jederzeit vom Administrator wiederhergestellt werden.<\/span><span data-ccp-props=\"{&quot;201341983&quot;:0,&quot;335559739&quot;:0,&quot;335559740&quot;:240}\">\u00a0<\/span><\/p>\n<p><a href=\"https:\/\/help.eco-visio.net\/index.php\/de\/knowledgebase\/archiving-counting-sites\/\">Mehr Infos<\/a>[\/vc_column_text][\/vc_tta_section][\/vc_tta_accordion][\/vc_column][\/vc_row]<\/p>\n","protected":false},"excerpt":{"rendered":"<p>[vc_row row_content_display=&#8221;in_grid&#8221; row_content_display_align=&#8221;left&#8221; row_type=&#8221;row&#8221; stretch_row_type=&#8221;yes&#8221;][vc_column][vc_column_text] Versionshinweise [\/vc_column_text][\/vc_column][\/vc_row][vc_row row_content_display=&#8221;in_grid&#8221; row_content_display_align=&#8221;left&#8221; row_type=&#8221;row&#8221; stretch_row_type=&#8221;yes&#8221;][vc_column][vc_tta_accordion][vc_tta_section title=&#8221;Ein sichereres Eco-Visio-Konto.&#8221; tab_id=&#8221;1709298532614-eb701bda-87ee&#8221;][vc_column_text]In den kommenden Wochen wird f\u00fcr die Anmeldung bei Eco-Visio ein Verifizierungscode ben\u00f6tigt, um die Sicherheit zu erh\u00f6hen. Dieser Code wird an die mit Ihrem Eco-Visio-Konto verkn\u00fcpfte E-Mail-Adresse gesendet. Bitte stellen Sie sicher, dass jeder Benutzer innerhalb Ihrer Domain eine g\u00fcltige [&hellip;]<\/p>\n","protected":false},"author":13,"featured_media":0,"parent":0,"menu_order":0,"comment_status":"closed","ping_status":"closed","template":"","meta":{"_uag_custom_page_level_css":"","footnotes":""},"class_list":["post-6484","page","type-page","status-publish","hentry"],"lang":"de","translations":{"de":6484,"en":6029},"uagb_featured_image_src":{"full":false,"thumbnail":false,"medium":false,"medium_large":false,"large":false,"1536x1536":false,"2048x2048":false,"post-thumbnail":false,"lipi-image-700x525":false},"uagb_author_info":{"display_name":"S\u00e9bastien Le Scour","author_link":"https:\/\/help.eco-visio.net\/index.php\/author\/sebastien\/"},"uagb_comment_info":0,"uagb_excerpt":"[vc_row row_content_display=&#8221;in_grid&#8221; row_content_display_align=&#8221;left&#8221; row_type=&#8221;row&#8221; stretch_row_type=&#8221;yes&#8221;][vc_column][vc_column_text] Versionshinweise [\/vc_column_text][\/vc_column][\/vc_row][vc_row row_content_display=&#8221;in_grid&#8221; row_content_display_align=&#8221;left&#8221; row_type=&#8221;row&#8221; stretch_row_type=&#8221;yes&#8221;][vc_column][vc_tta_accordion][vc_tta_section title=&#8221;Ein sichereres Eco-Visio-Konto.&#8221; tab_id=&#8221;1709298532614-eb701bda-87ee&#8221;][vc_column_text]In den kommenden Wochen wird f\u00fcr die Anmeldung bei Eco-Visio ein Verifizierungscode ben\u00f6tigt, um die Sicherheit zu erh\u00f6hen. Dieser Code wird an die mit Ihrem Eco-Visio-Konto verkn\u00fcpfte E-Mail-Adresse gesendet. Bitte stellen Sie sicher, dass jeder Benutzer innerhalb Ihrer Domain eine g\u00fcltige&hellip;","pll_sync_post":[],"_links":{"self":[{"href":"https:\/\/help.eco-visio.net\/index.php\/wp-json\/wp\/v2\/pages\/6484","targetHints":{"allow":["GET"]}}],"collection":[{"href":"https:\/\/help.eco-visio.net\/index.php\/wp-json\/wp\/v2\/pages"}],"about":[{"href":"https:\/\/help.eco-visio.net\/index.php\/wp-json\/wp\/v2\/types\/page"}],"author":[{"embeddable":true,"href":"https:\/\/help.eco-visio.net\/index.php\/wp-json\/wp\/v2\/users\/13"}],"replies":[{"embeddable":true,"href":"https:\/\/help.eco-visio.net\/index.php\/wp-json\/wp\/v2\/comments?post=6484"}],"version-history":[{"count":4,"href":"https:\/\/help.eco-visio.net\/index.php\/wp-json\/wp\/v2\/pages\/6484\/revisions"}],"predecessor-version":[{"id":6506,"href":"https:\/\/help.eco-visio.net\/index.php\/wp-json\/wp\/v2\/pages\/6484\/revisions\/6506"}],"wp:attachment":[{"href":"https:\/\/help.eco-visio.net\/index.php\/wp-json\/wp\/v2\/media?parent=6484"}],"curies":[{"name":"wp","href":"https:\/\/api.w.org\/{rel}","templated":true}]}}