{"id":5850,"date":"2024-01-23T14:52:02","date_gmt":"2024-01-23T13:52:02","guid":{"rendered":"https:\/\/help.eco-visio.net\/?page_id=5850"},"modified":"2024-01-29T08:53:43","modified_gmt":"2024-01-29T07:53:43","slug":"base-de-connaissances","status":"publish","type":"page","link":"https:\/\/help.eco-visio.net\/index.php\/fr\/base-de-connaissances\/","title":{"rendered":"Base de connaissances"},"content":{"rendered":"<p>[vc_row row_content_display=&#8221;full_width&#8221; row_content_display_align=&#8221;center&#8221; row_type=&#8221;parallax&#8221; plx_background_image_position=&#8221;center top&#8221; plx_background_opacity=&#8221;true&#8221; plx_background_opacity_color=&#8221;rgba(55,56,53,0.49)&#8221; css=&#8221;.vc_custom_1702462839868{padding-top: 0px !important;padding-right: 0px !important;padding-bottom: 0px !important;padding-left: 0px !important;background-position: 0 0 !important;background-repeat: no-repeat !important;}&#8221;][vc_column width=&#8221;1\/2&#8243; css=&#8221;.vc_custom_1702458896356{background-color: #ffffff !important;}&#8221;][vc_cta h2=&#8221;Licences historiques&#8221; h2_font_container=&#8221;font_size:35&#8243; h2_google_fonts=&#8221;font_family:Montserrat%3Aregular%2C700|font_style:400%20regular%3A400%3Anormal&#8221; h4=&#8221;Eco-Visio&#8221; txt_align=&#8221;center&#8221; add_button=&#8221;bottom&#8221; btn_title=&#8221;Aide en ligne licences historiques&#8221; btn_style=&#8221;gradient-custom&#8221; btn_gradient_custom_color_1=&#8221;#d4d600&#8243; btn_gradient_custom_color_2=&#8221;#d4d600&#8243; btn_gradient_text_color=&#8221;#3c3c3c&#8221; btn_align=&#8221;center&#8221; use_custom_fonts_h2=&#8221;true&#8221; css=&#8221;.vc_custom_1706514899172{background-color: #ffffff !important;background-position: center !important;background-repeat: no-repeat !important;background-size: cover !important;}&#8221; btn_link=&#8221;url:https%3A%2F%2Fhelp.eco-visio.net%2Findex.php%2Ffr%2Fbase-connaissance%2Fbase-de-connaissances-eco-visio%2F|title:Acc%C3%A9der%20%C3%A0%20la%20base%20de%20connaissances%20de%20nos%20licences%20historiques.&#8221;]Si vous avez votre licence Eco-Visio depuis longtemps et n&#8217;avez pas encore bascul\u00e9 vers nos nouvelles offres de donn\u00e9es, c&#8217;est par ici que vous trouverez les r\u00e9ponses \u00e0 vos questions ! Cliquez ci-dessous pour d\u00e9couvrir notre aide en ligne historique :[\/vc_cta][\/vc_column][vc_column width=&#8221;1\/2&#8243; css=&#8221;.vc_custom_1702460895413{background-color: #ffffff !important;}&#8221;][vc_cta h2=&#8221;Nouvelles offres&#8221; h2_font_container=&#8221;font_size:35&#8243; h2_google_fonts=&#8221;font_family:Montserrat%3Aregular%2C700|font_style:400%20regular%3A400%3Anormal&#8221; h4=&#8221;Eco-Visio&#8221; txt_align=&#8221;center&#8221; add_button=&#8221;bottom&#8221; btn_title=&#8221;Aide en ligne nouvelles offres&#8221; btn_style=&#8221;gradient-custom&#8221; btn_gradient_custom_color_1=&#8221;#d4d600&#8243; btn_gradient_custom_color_2=&#8221;#d4d600&#8243; btn_gradient_text_color=&#8221;#3c3c3c&#8221; btn_align=&#8221;center&#8221; use_custom_fonts_h2=&#8221;true&#8221; css=&#8221;.vc_custom_1706514860507{background-color: #ffffff !important;background-position: center !important;background-repeat: no-repeat !important;background-size: cover !important;}&#8221; btn_link=&#8221;url:https%3A%2F%2Fhelp.eco-visio.net%2F%3Fpage_id%3D5358%26preview%3Dtrue|title:D%C3%A9couvrir%20l&#8217;aide%20en%20ligne%20pour%20les%20offres%20LIGHT%2C%20ESSENTIEL%2C%20PROFESSIONNEL%20et%20EXPERT.&#8221;]Vous avez r\u00e9cemment bascul\u00e9 vers nos nouvelles offres Eco-Visio (Light, Essentiel (en Europe seulement), Professionnel ou Expert) ? C&#8217;est ici que vous trouverez toutes les r\u00e9ponses \u00e0 vos questions sur l&#8217;utilisation d&#8217;Eco-Visio ![\/vc_cta][\/vc_column][\/vc_row]<\/p>\n","protected":false},"excerpt":{"rendered":"<p>[vc_row row_content_display=&#8221;full_width&#8221; row_content_display_align=&#8221;center&#8221; row_type=&#8221;parallax&#8221; plx_background_image_position=&#8221;center top&#8221; plx_background_opacity=&#8221;true&#8221; plx_background_opacity_color=&#8221;rgba(55,56,53,0.49)&#8221; css=&#8221;.vc_custom_1702462839868{padding-top: 0px !important;padding-right: 0px !important;padding-bottom: 0px !important;padding-left: 0px !important;background-position: 0 0 !important;background-repeat: no-repeat !important;}&#8221;][vc_column width=&#8221;1\/2&#8243; css=&#8221;.vc_custom_1702458896356{background-color: #ffffff !important;}&#8221;][vc_cta h2=&#8221;Licences historiques&#8221; h2_font_container=&#8221;font_size:35&#8243; h2_google_fonts=&#8221;font_family:Montserrat%3Aregular%2C700|font_style:400%20regular%3A400%3Anormal&#8221; h4=&#8221;Eco-Visio&#8221; txt_align=&#8221;center&#8221; add_button=&#8221;bottom&#8221; btn_title=&#8221;Aide en ligne licences historiques&#8221; btn_style=&#8221;gradient-custom&#8221; btn_gradient_custom_color_1=&#8221;#d4d600&#8243; btn_gradient_custom_color_2=&#8221;#d4d600&#8243; btn_gradient_text_color=&#8221;#3c3c3c&#8221; btn_align=&#8221;center&#8221; use_custom_fonts_h2=&#8221;true&#8221; css=&#8221;.vc_custom_1706514899172{background-color: #ffffff !important;background-position: center !important;background-repeat: no-repeat !important;background-size: cover !important;}&#8221; btn_link=&#8221;url:https%3A%2F%2Fhelp.eco-visio.net%2Findex.php%2Ffr%2Fbase-connaissance%2Fbase-de-connaissances-eco-visio%2F|title:Acc%C3%A9der%20%C3%A0%20la%20base%20de%20connaissances%20de%20nos%20licences%20historiques.&#8221;]Si vous [&hellip;]<\/p>\n","protected":false},"author":1,"featured_media":0,"parent":0,"menu_order":0,"comment_status":"closed","ping_status":"closed","template":"","meta":{"_uag_custom_page_level_css":"","footnotes":""},"class_list":["post-5850","page","type-page","status-publish","hentry"],"lang":"fr","translations":{"fr":5850},"uagb_featured_image_src":{"full":false,"thumbnail":false,"medium":false,"medium_large":false,"large":false,"1536x1536":false,"2048x2048":false,"post-thumbnail":false,"lipi-image-700x525":false},"uagb_author_info":{"display_name":"ecovisio","author_link":"https:\/\/help.eco-visio.net\/index.php\/author\/ecovisio\/"},"uagb_comment_info":0,"uagb_excerpt":"[vc_row row_content_display=&#8221;full_width&#8221; row_content_display_align=&#8221;center&#8221; row_type=&#8221;parallax&#8221; plx_background_image_position=&#8221;center top&#8221; plx_background_opacity=&#8221;true&#8221; plx_background_opacity_color=&#8221;rgba(55,56,53,0.49)&#8221; css=&#8221;.vc_custom_1702462839868{padding-top: 0px !important;padding-right: 0px !important;padding-bottom: 0px !important;padding-left: 0px !important;background-position: 0 0 !important;background-repeat: no-repeat !important;}&#8221;][vc_column width=&#8221;1\/2&#8243; css=&#8221;.vc_custom_1702458896356{background-color: #ffffff !important;}&#8221;][vc_cta h2=&#8221;Licences historiques&#8221; h2_font_container=&#8221;font_size:35&#8243; h2_google_fonts=&#8221;font_family:Montserrat%3Aregular%2C700|font_style:400%20regular%3A400%3Anormal&#8221; h4=&#8221;Eco-Visio&#8221; txt_align=&#8221;center&#8221; add_button=&#8221;bottom&#8221; btn_title=&#8221;Aide en ligne licences historiques&#8221; btn_style=&#8221;gradient-custom&#8221; btn_gradient_custom_color_1=&#8221;#d4d600&#8243; btn_gradient_custom_color_2=&#8221;#d4d600&#8243; btn_gradient_text_color=&#8221;#3c3c3c&#8221; btn_align=&#8221;center&#8221; use_custom_fonts_h2=&#8221;true&#8221; css=&#8221;.vc_custom_1706514899172{background-color: #ffffff !important;background-position: center !important;background-repeat: no-repeat !important;background-size: cover !important;}&#8221; btn_link=&#8221;url:https%3A%2F%2Fhelp.eco-visio.net%2Findex.php%2Ffr%2Fbase-connaissance%2Fbase-de-connaissances-eco-visio%2F|title:Acc%C3%A9der%20%C3%A0%20la%20base%20de%20connaissances%20de%20nos%20licences%20historiques.&#8221;]Si vous&hellip;","pll_sync_post":[],"_links":{"self":[{"href":"https:\/\/help.eco-visio.net\/index.php\/wp-json\/wp\/v2\/pages\/5850","targetHints":{"allow":["GET"]}}],"collection":[{"href":"https:\/\/help.eco-visio.net\/index.php\/wp-json\/wp\/v2\/pages"}],"about":[{"href":"https:\/\/help.eco-visio.net\/index.php\/wp-json\/wp\/v2\/types\/page"}],"author":[{"embeddable":true,"href":"https:\/\/help.eco-visio.net\/index.php\/wp-json\/wp\/v2\/users\/1"}],"replies":[{"embeddable":true,"href":"https:\/\/help.eco-visio.net\/index.php\/wp-json\/wp\/v2\/comments?post=5850"}],"version-history":[{"count":5,"href":"https:\/\/help.eco-visio.net\/index.php\/wp-json\/wp\/v2\/pages\/5850\/revisions"}],"predecessor-version":[{"id":5943,"href":"https:\/\/help.eco-visio.net\/index.php\/wp-json\/wp\/v2\/pages\/5850\/revisions\/5943"}],"wp:attachment":[{"href":"https:\/\/help.eco-visio.net\/index.php\/wp-json\/wp\/v2\/media?parent=5850"}],"curies":[{"name":"wp","href":"https:\/\/api.w.org\/{rel}","templated":true}]}}