{"id":358,"date":"2021-03-15T15:36:01","date_gmt":"2021-03-15T14:36:01","guid":{"rendered":"https:\/\/help.eco-visio.net\/?page_id=358"},"modified":"2026-03-13T14:23:45","modified_gmt":"2026-03-13T13:23:45","slug":"eco-visio-training","status":"publish","type":"page","link":"https:\/\/help.eco-visio.net\/index.php\/fr\/eco-visio-training\/","title":{"rendered":"Formations &#038; webinaires Eco-Visio"},"content":{"rendered":"<p>[vc_row row_content_display=&#8221;in_grid&#8221; row_content_display_align=&#8221;left&#8221; row_type=&#8221;row&#8221; stretch_row_type=&#8221;yes&#8221;][vc_column][vc_column_text]<\/p>\r\n<p>Afin de vous accompagner au mieux dans la gestion et le suivi de votre projet de comptage, nous vous proposons, tout au long de l&#8217;ann\u00e9e, des webinaires d\u00e9di\u00e9s \u00e0 l&#8217;utilisation d&#8217;Eco-Visio, selon votre niveau d&#8217;offre.<\/p>\r\n<p>[\/vc_column_text][vc_separator][vc_message]<\/p>\r\n<h2>COMMENT RETROUVER VOTRE OFFRE ?<\/h2>\r\n<ul>\r\n<li>Connectez-vous \u00e0 votre compte Eco-Visio.<\/li>\r\n<li>D\u00e9pliez les informations de votre compte, en cliquant en haut \u00e0 droite de l&#8217;\u00e9cran.<\/li>\r\n<li>Votre offre est indiqu\u00e9e sur la ligne &#8220;Eco-Visio &#8211; <strong>Offre&#8230;<\/strong>&#8220;<\/li>\r\n<\/ul>\r\n<p><img loading=\"lazy\" decoding=\"async\" class=\"alignnone size-full wp-image-10497\" src=\"https:\/\/help.eco-visio.net\/wp-content\/uploads\/2025\/07\/trouver_offre-FR.png\" alt=\"trouver mon offre\" width=\"247\" height=\"237\" \/><\/p>\r\n<p>[\/vc_message][vc_column_text]<\/p>\r\n<h2 style=\"text-align: center;\">INDIQUEZ VOTRE OFFRE POUR VOUS INSCRIRE AUX WEBINAIRES :<\/h2>\r\n<p>[\/vc_column_text][vc_row_inner][vc_column_inner][vc_column_text]<\/p>\r\n<h2 style=\"text-align: center;\">Je dispose d&#8217;une Offre LIGHT.<\/h2>\r\n<p>[\/vc_column_text][vc_column_text]<\/p>\r\n<p><a href=\"https:\/\/help.eco-visio.net\/index.php\/fr\/webinaires-offre-light\/\"><img loading=\"lazy\" decoding=\"async\" class=\"aligncenter wp-image-4712 size-full\" src=\"https:\/\/help.eco-visio.net\/wp-content\/uploads\/2023\/12\/Fichier-1@1000x-e1705067743680.png\" alt=\"L'offre LIGHT vous donne acc\u00e8s aux fonctionnalit\u00e9s de base d'Eco-Visio.\" width=\"90\" height=\"63\" \/><\/a><\/p>\r\n<p>[\/vc_column_text][vc_btn title=&#8221;Regarder le Webinaire&#8221; color=&#8221;inverse&#8221; align=&#8221;center&#8221; link=&#8221;url:https%3A%2F%2Fhelp.eco-visio.net%2Findex.php%2Ffr%2Fwebinaires-offre-light%2F|title:Webinaires%20Offre%20LIGHT&#8221;][\/vc_column_inner][\/vc_row_inner][vc_row_inner][vc_column_inner][vc_column_text]<\/p>\r\n<h2 style=\"text-align: center;\">Je dispose d&#8217;une Offre ESSENTIEL*, PROFESSIONNEL ou EXPERT<\/h2>\r\n<p>[\/vc_column_text][vc_column_text]<\/p>\r\n<p><a href=\"https:\/\/mara75998.softr.app\/\" target=\"_blank\" rel=\"noopener\"><img loading=\"lazy\" decoding=\"async\" class=\"aligncenter wp-image-4717 size-medium\" src=\"https:\/\/help.eco-visio.net\/wp-content\/uploads\/2023\/12\/Fichier-3@1000x-300x63.png\" alt=\"Les offres ESSENTIEL, PROFESSIONNEL et EXPERT vous donnent acc\u00e8s \u00e0 toutes les fonctionnalit\u00e9s d'Eco-Visio.\" width=\"300\" height=\"63\" srcset=\"https:\/\/help.eco-visio.net\/wp-content\/uploads\/2023\/12\/Fichier-3@1000x-300x63.png 300w, https:\/\/help.eco-visio.net\/wp-content\/uploads\/2023\/12\/Fichier-3@1000x-1024x216.png 1024w, https:\/\/help.eco-visio.net\/wp-content\/uploads\/2023\/12\/Fichier-3@1000x-768x162.png 768w, https:\/\/help.eco-visio.net\/wp-content\/uploads\/2023\/12\/Fichier-3@1000x-1536x324.png 1536w, https:\/\/help.eco-visio.net\/wp-content\/uploads\/2023\/12\/Fichier-3@1000x-2048x432.png 2048w\" sizes=\"(max-width: 300px) 100vw, 300px\" \/><\/a><\/p>\r\n<p>[\/vc_column_text][vc_column_text]<\/p>\r\n<p style=\"text-align: center;\">* <em>L&#8217;offre ESSENTIEL n&#8217;est pas disponible aux \u00c9tats-Unis et au Canada.<\/em><\/p>\r\n<p>[\/vc_column_text][\/vc_column_inner][\/vc_row_inner][\/vc_column][\/vc_row][vc_row row_content_display=&#8221;in_grid&#8221; row_content_display_align=&#8221;left&#8221; row_type=&#8221;row&#8221; stretch_row_type=&#8221;yes&#8221;][vc_column width=&#8221;1\/2&#8243;][vc_column_text]<\/p>\r\n<h3>Formation initiale<strong><br \/><\/strong><\/h3>\r\n<ul>\r\n<li>Prise en main du logiciel<\/li>\r\n<li>Param\u00e9trage &amp; outils<\/li>\r\n<li>Gestion du parc de compteurs<\/li>\r\n<li>Analyses<\/li>\r\n<\/ul>\r\n<p>[\/vc_column_text][\/vc_column][vc_column width=&#8221;1\/2&#8243;][vc_column_text]<\/p>\r\n<h3>Formation avanc\u00e9e<strong><br \/><\/strong><\/h3>\r\n<ul>\r\n<li>Param\u00e9trage avanc\u00e9<\/li>\r\n<li>Validation &amp; reconstruction des donn\u00e9es<\/li>\r\n<li>\u00c9tablissement d\u2019un tableau de bord<\/li>\r\n<li>\u00c9dition de rapport de donn\u00e9es<\/li>\r\n<\/ul>\r\n<p>[\/vc_column_text][\/vc_column][\/vc_row][vc_row row_content_display=&#8221;in_grid&#8221; row_content_display_align=&#8221;left&#8221; row_type=&#8221;row&#8221; stretch_row_type=&#8221;yes&#8221;][vc_column][vc_btn title=&#8221;S&#8217;inscrire \u00e0 un Webinaire&#8221; color=&#8221;inverse&#8221; align=&#8221;center&#8221; link=&#8221;url:https%3A%2F%2Fmara75998.softr.app%2F|title:S&#8217;inscrire|target:_blank&#8221;][\/vc_column][\/vc_row][vc_row disable_element=&#8221;yes&#8221; row_content_display=&#8221;in_grid&#8221; row_content_display_align=&#8221;left&#8221; row_type=&#8221;row&#8221; stretch_row_type=&#8221;yes&#8221;][vc_column][vc_row_inner][vc_column_inner][vc_column_text]<\/p>\r\n<h2 style=\"text-align: left;\">Webinaires Offre LIGHT<\/h2>\r\n<p><img loading=\"lazy\" decoding=\"async\" class=\"wp-image-4984 size-full alignnone\" src=\"https:\/\/help.eco-visio.net\/wp-content\/uploads\/2023\/12\/Fichier-1@1000x-300x210-1-e1705067955164.png\" alt=\"\" width=\"90\" height=\"63\" \/><\/p>\r\n<p>[\/vc_column_text][\/vc_column_inner][\/vc_row_inner][\/vc_column][vc_column width=&#8221;1\/2&#8243;][vc_column_text el_class=&#8221;presentation-offre&#8221;]<\/p>\r\n<p>Pr\u00e9sentation des fonctionnalit\u00e9s, analyses et services inclus dans le cadre de votre offre.<strong><br \/><\/strong><\/p>\r\n<p>[\/vc_column_text][vc_raw_html el_class=&#8221;formulaire-inscription&#8221;]JTNDc3R5bGUlM0UlMEEuYnRuJTIwJTdCJTBBZGlzcGxheSUzQSUyMG5vbmUlM0IlMEElN0QlMEElM0MlMkZzdHlsZSUzRSUwQSUwQSUzQ3NlbGVjdCUyMGlkJTNEJTIyc2VsZWN0JTIyJTNFJTBBJTNDb3B0aW9uJTIwdmFsdWUlM0QlMjIlMjIlMjBzZWxlY3RlZCUyMGhpZGRlbiUzRVMlQzMlQTlsZWN0aW9ubmVyJTIwdm90cmUlMjBkYXRlJTNDJTJGb3B0aW9uJTNFJTBBJTNDb3B0aW9uJTIwdmFsdWUlM0QlMjJsaWdodC1qdWluJTIyJTNFTWFyZGklMjAyNCUyMGp1aW4lMjAyMDI1JTIwMTBoMzAtMTFoJTNDJTJGb3B0aW9uJTNFJTBBJTNDb3B0aW9uJTIwdmFsdWUlM0QlMjJsaWdodC1qdWlsbGV0JTIyJTNFTWFyZGklMjAyMiUyMGp1aWxsZXQlMjAyMDI1JTIwMTVoLTE1aDMwJTNDJTJGb3B0aW9uJTNFJTBBJTNDb3B0aW9uJTIwdmFsdWUlM0QlMjJsaWdodC1zZXB0ZW1icmUlMjIlM0VNZXJjcmVkaSUyMDE3JTIwc2VwdGVtYnJlJTIwMjAyNSUyMDExaC0xMWgzMCUzQyUyRm9wdGlvbiUzRSUwQSUzQ29wdGlvbiUyMHZhbHVlJTNEJTIybGlnaHQtb2N0b2JyZSUyMiUzRU1hcmRpJTIwMTQlMjBvY3RvYnJlJTIwMjAyNSUyMDEwaC0xMGgzMCUzQyUyRm9wdGlvbiUzRSUwQSUzQ29wdGlvbiUyMHZhbHVlJTNEJTIybGlnaHQtbm92ZW1icmUlMjIlM0VNYXJkaSUyMDE4JTIwbm92ZW1icmUlMjAyMDI1JTIwMTRoLTE0aDMwJTNDJTJGb3B0aW9uJTNFJTBBJTNDb3B0aW9uJTIwdmFsdWUlM0QlMjJsaWdodC1kZWNlbWJyZSUyMiUzRU1lcmNyZWRpJTIwMTAlMjBkJUMzJUE5Y2VtYnJlJTIwMjAyNSUyMDEwaC0xMGgzMCUzQyUyRm9wdGlvbiUzRSUwQSUzQyUyRnNlbGVjdCUzRSUwQSUwQSUzQ2RpdiUyMGNsYXNzJTNEJTIycHJpY2luZy1idG4lMjIlM0UlMEElMjAlMjAlMjAlMjAlM0NhJTIwaHJlZiUzRCUyMmh0dHBzJTNBJTJGJTJGdXMwMndlYi56b29tLnVzJTJGd2ViaW5hciUyRnJlZ2lzdGVyJTJGV05fZmFZVXlWV0pUWTJjRnJYajMxT2gwdyUyMiUyMGNsYXNzJTNEJTIyYnRuJTIyJTIwYnV0dG9uJTNEJTIybGlnaHQtanVpbiUyMiUyMHRhcmdldCUzRCUyMl9ibGFuayUyMiUzRVMlMjdpbnNjcmlyZSUzQyUyRmElM0UlMEElM0MlMkZkaXYlM0UlMEElM0NkaXYlMjBjbGFzcyUzRCUyMnByaWNpbmctYnRuJTIyJTNFJTBBJTIwJTIwJTIwJTIwJTNDYSUyMGhyZWYlM0QlMjJodHRwcyUzQSUyRiUyRnVzMDJ3ZWIuem9vbS51cyUyRndlYmluYXIlMkZyZWdpc3RlciUyRldOXzBLMFliaktFUkpXVTVaenRURnc4VkElMjIlMjBjbGFzcyUzRCUyMmJ0biUyMiUyMGJ1dHRvbiUzRCUyMmxpZ2h0LWp1aWxsZXQlMjIlMjB0YXJnZXQlM0QlMjJfYmxhbmslMjIlM0VTJTI3aW5zY3JpcmUlM0MlMkZhJTNFJTBBJTNDJTJGZGl2JTNFJTBBJTNDZGl2JTIwY2xhc3MlM0QlMjJwcmljaW5nLWJ0biUyMiUzRSUwQSUyMCUyMCUyMCUyMCUzQ2ElMjBocmVmJTNEJTIyaHR0cHMlM0ElMkYlMkZ1czAyd2ViLnpvb20udXMlMkZ3ZWJpbmFyJTJGcmVnaXN0ZXIlMkZXTl9GdXEteHVUNVRxeTNxU0hXWEFQN3pRJTIyJTIwY2xhc3MlM0QlMjJidG4lMjIlMjBidXR0b24lM0QlMjJsaWdodC1zZXB0ZW1icmUlMjIlMjB0YXJnZXQlM0QlMjJfYmxhbmslMjIlM0VTJTI3aW5zY3JpcmUlM0MlMkZhJTNFJTBBJTNDJTJGZGl2JTNFJTBBJTNDZGl2JTIwY2xhc3MlM0QlMjJwcmljaW5nLWJ0biUyMiUzRSUwQSUyMCUyMCUyMCUyMCUzQ2ElMjBocmVmJTNEJTIyaHR0cHMlM0ElMkYlMkZ1czAyd2ViLnpvb20udXMlMkZ3ZWJpbmFyJTJGcmVnaXN0ZXIlMkZXTl9SSUhSWUVMMlFESzZRZy02UXZYMVV3JTIyJTIwY2xhc3MlM0QlMjJidG4lMjIlMjBidXR0b24lM0QlMjJsaWdodC1vY3RvYnJlJTIyJTIwdGFyZ2V0JTNEJTIyX2JsYW5rJTIyJTNFUyUyN2luc2NyaXJlJTNDJTJGYSUzRSUwQSUzQyUyRmRpdiUzRSUwQSUzQ2RpdiUyMGNsYXNzJTNEJTIycHJpY2luZy1idG4lMjIlM0UlMEElMjAlMjAlMjAlMjAlM0NhJTIwaHJlZiUzRCUyMmh0dHBzJTNBJTJGJTJGdXMwMndlYi56b29tLnVzJTJGd2ViaW5hciUyRnJlZ2lzdGVyJTJGV05feWJ2dVBQeHFUR3FZeU1ORkR0NTYyQSUyMiUyMGNsYXNzJTNEJTIyYnRuJTIyJTIwYnV0dG9uJTNEJTIybGlnaHQtbm92ZW1icmUlMjIlMjB0YXJnZXQlM0QlMjJfYmxhbmslMjIlM0VTJTI3aW5zY3JpcmUlM0MlMkZhJTNFJTBBJTNDJTJGZGl2JTNFJTBBJTNDZGl2JTIwY2xhc3MlM0QlMjJwcmljaW5nLWJ0biUyMiUzRSUwQSUyMCUyMCUyMCUyMCUzQ2ElMjBocmVmJTNEJTIyaHR0cHMlM0ElMkYlMkZ1czAyd2ViLnpvb20udXMlMkZ3ZWJpbmFyJTJGcmVnaXN0ZXIlMkZXTl9Xb3Y5WG9aV1F0VzdleWJlRUM3T3lBJTIyJTIwY2xhc3MlM0QlMjJidG4lMjIlMjBidXR0b24lM0QlMjJsaWdodC1kZWNlbWJyZSUyMiUyMHRhcmdldCUzRCUyMl9ibGFuayUyMiUzRVMlMjdpbnNjcmlyZSUzQyUyRmElM0UlMEElM0MlMkZkaXYlM0U=[\/vc_raw_html][vc_raw_js]JTNDc2NyaXB0JTNFJTBBZG9jdW1lbnQuZ2V0RWxlbWVudEJ5SWQlMjglMjJzZWxlY3QlMjIlMjkuYWRkRXZlbnRMaXN0ZW5lciUyOCUyMmNoYW5nZSUyMiUyQyUyMCUyOGV2JTI5JTIwJTNEJTNFJTIwJTdCJTBBJTIwJTIwdmFyJTIwYnV0dG9uSWQlMjAlM0QlMjBkb2N1bWVudC5nZXRFbGVtZW50QnlJZCUyOCUyMnNlbGVjdCUyMiUyOS52YWx1ZSUzQiUwQSUyMCUyMHZhciUyMGJ1dHRvbiUyMCUzRCUyMGRvY3VtZW50LnF1ZXJ5U2VsZWN0b3IlMjglMjclNUJidXR0b24lM0QlMjIlMjclMjAlMkIlMjBidXR0b25JZCUyMCUyQiUyMCUyNyUyMiU1RCUyNyUyOSUzQiUwQSUyMCUyMHZhciUyMGJ1dHRvbnMlMjAlM0QlMjBkb2N1bWVudC5xdWVyeVNlbGVjdG9yQWxsJTI4JTIyLmJ0biUyMiUyOS5mb3JFYWNoJTI4ZWwlMjAlM0QlM0UlMjAlN0IlMEElMjAlMjAlMjAlMjBlbC5zdHlsZS5kaXNwbGF5JTIwJTNEJTIwJTI3bm9uZSUyNyUzQiUwQSUyMCUyMCU3RCUyOSUzQiUwQSUyMCUyMGJ1dHRvbi5zdHlsZS5kaXNwbGF5JTIwJTNEJTIwJTI3YmxvY2slMjclM0IlMEElN0QlMjklM0IlMjAlMEElM0MlMkZzY3JpcHQlM0U=[\/vc_raw_js][\/vc_column][vc_column][vc_separator][vc_row_inner][vc_column_inner][vc_column_text]<\/p>\r\n<h2 class=\"wp-block-heading has-text-align-center\" style=\"text-align: left;\">Webinaires Offres ESSENTIEL*, PROFESSIONNEL ou EXPERT<\/h2>\r\n<p><!-- \/wp:post-content --><img loading=\"lazy\" decoding=\"async\" class=\"wp-image-4717 size-medium\" src=\"https:\/\/help.eco-visio.net\/wp-content\/uploads\/2023\/12\/Fichier-3@1000x-300x63.png\" alt=\"Les offres ESSENTIEL, PROFESSIONNEL et EXPERT vous donnent acc\u00e8s \u00e0 toutes les fonctionnalit\u00e9s d'Eco-Visio.\" width=\"300\" height=\"63\" srcset=\"https:\/\/help.eco-visio.net\/wp-content\/uploads\/2023\/12\/Fichier-3@1000x-300x63.png 300w, https:\/\/help.eco-visio.net\/wp-content\/uploads\/2023\/12\/Fichier-3@1000x-1024x216.png 1024w, https:\/\/help.eco-visio.net\/wp-content\/uploads\/2023\/12\/Fichier-3@1000x-768x162.png 768w, https:\/\/help.eco-visio.net\/wp-content\/uploads\/2023\/12\/Fichier-3@1000x-1536x324.png 1536w, https:\/\/help.eco-visio.net\/wp-content\/uploads\/2023\/12\/Fichier-3@1000x-2048x432.png 2048w\" sizes=\"(max-width: 300px) 100vw, 300px\" \/><\/p>\r\n<p style=\"text-align: center;\"><!-- wp:image {\"align\":\"center\",\"id\":3290,\"sizeSlug\":\"full\",\"linkDestination\":\"none\"} --><\/p>\r\n<p>[\/vc_column_text][\/vc_column_inner][\/vc_row_inner][vc_row_inner][vc_column_inner width=&#8221;1\/2&#8243;][vc_column_text el_class=&#8221;presentation-offre&#8221;]<\/p>\r\n<h3>Formation initiale<strong><br \/><\/strong><\/h3>\r\n<ul>\r\n<li>Prise en main du logiciel<\/li>\r\n<li>Param\u00e9trage &amp; outils<\/li>\r\n<li>Gestion du parc de compteurs<\/li>\r\n<li>Analyses<\/li>\r\n<\/ul>\r\n<p>[\/vc_column_text][vc_raw_html el_class=&#8221;formulaire-inscription&#8221;]JTNDc3R5bGUlM0UlMEEuYnRuJTIwJTdCJTBBZGlzcGxheSUzQSUyMG5vbmUlM0IlMEElN0QlMEElM0MlMkZzdHlsZSUzRSUwQSUwQSUzQ3NlbGVjdCUyMGlkJTNEJTIyc2VsZWN0MiUyMiUzRSUwQSUzQ29wdGlvbiUyMHZhbHVlJTNEJTIyJTIyJTIwc2VsZWN0ZWQlMjBoaWRkZW4lM0VTJUMzJUE5bGVjdGlvbm5lciUyMHZvdHJlJTIwZGF0ZSUzQyUyRm9wdGlvbiUzRSUwQSUzQ29wdGlvbiUyMHZhbHVlJTNEJTIyZXhwZXJ0LWluaXRpYWwtanVpbiUyMiUzRU1hcmRpJTIwMjQlMjBqdWluJTIwMjAyNSUyMDE0aDMwLTE1aDMwJTNDJTJGb3B0aW9uJTNFJTBBJTNDb3B0aW9uJTIwdmFsdWUlM0QlMjJleHBlcnQtaW5pdGlhbC1qdWlsbGV0JTIyJTNFTWFyZGklMjAyMiUyMGp1aWxsZXQlMjAyMDI1JTIwMTBoLTExaCUzQyUyRm9wdGlvbiUzRSUwQSUzQ29wdGlvbiUyMHZhbHVlJTNEJTIyZXhwZXJ0LWluaXRpYWwtc2VwdGVtYnJlJTIyJTNFTWVyY3JlZGklMjAxNyUyMHNlcHRlbWJyZSUyMDIwMjUlMjAxNWgtMTYlM0MlMkZvcHRpb24lM0UlMEElM0NvcHRpb24lMjB2YWx1ZSUzRCUyMmV4cGVydC1pbml0aWFsLW9jdG9icmUlMjIlM0VNYXJkaSUyMDE0JTIwb2N0b2JyZSUyMDIwMjUlMjAxNGgzMC0xNWgzMCUzQyUyRm9wdGlvbiUzRSUwQSUzQ29wdGlvbiUyMHZhbHVlJTNEJTIyZXhwZXJ0LWluaXRpYWwtbm92ZW1icmUlMjIlM0VNYXJkaSUyMDE4JTIwbm92ZW1icmUlMjAyMDI1JTIwMTBoLTExaCUzQyUyRm9wdGlvbiUzRSUwQSUzQ29wdGlvbiUyMHZhbHVlJTNEJTIyZXhwZXJ0LWluaXRpYWwtZGVjZW1icmUlMjIlM0VNZXJjcmVkaSUyMDEwJTIwZCVDMyVBOWNlbWJyZSUyMDIwMjUlMjAxNGgzMC0xNWgzMCUzQyUyRm9wdGlvbiUzRSUwQSUzQyUyRnNlbGVjdCUzRSUwQSUwQSUzQ2RpdiUyMGNsYXNzJTNEJTIycHJpY2luZy1idG4lMjIlM0UlMEElMjAlMjAlMjAlMjAlM0NhJTIwaHJlZiUzRCUyMmh0dHBzJTNBJTJGJTJGdXMwMndlYi56b29tLnVzJTJGd2ViaW5hciUyRnJlZ2lzdGVyJTJGV05fYXQzMThLWHNReEd3YTAwcUtrZXMzZyUyMiUyMGNsYXNzJTNEJTIyYnRuJTIyJTIwYnV0dG9uJTNEJTIyZXhwZXJ0LWluaXRpYWwtanVpbiUyMiUyMHRhcmdldCUzRCUyMl9ibGFuayUyMiUzRVMlMjdpbnNjcmlyZSUzQyUyRmElM0UlMEElM0MlMkZkaXYlM0UlMEElM0NkaXYlMjBjbGFzcyUzRCUyMnByaWNpbmctYnRuJTIyJTNFJTBBJTIwJTIwJTIwJTIwJTNDYSUyMGhyZWYlM0QlMjJodHRwcyUzQSUyRiUyRnVzMDJ3ZWIuem9vbS51cyUyRndlYmluYXIlMkZyZWdpc3RlciUyRldOXzVyX1V5cmVvU2I2TnE5S193SzFFd3clMjIlMjBjbGFzcyUzRCUyMmJ0biUyMiUyMGJ1dHRvbiUzRCUyMmV4cGVydC1pbml0aWFsLWp1aWxsZXQlMjIlMjB0YXJnZXQlM0QlMjJfYmxhbmslMjIlM0VTJTI3aW5zY3JpcmUlM0MlMkZhJTNFJTBBJTNDJTJGZGl2JTNFJTBBJTNDZGl2JTIwY2xhc3MlM0QlMjJwcmljaW5nLWJ0biUyMiUzRSUwQSUyMCUyMCUyMCUyMCUzQ2ElMjBocmVmJTNEJTIyaHR0cHMlM0ElMkYlMkZ1czAyd2ViLnpvb20udXMlMkZ3ZWJpbmFyJTJGcmVnaXN0ZXIlMkZXTl9GQUdqSXdqbVRGR1N0TkZPcFNCazBRJTIyJTIwY2xhc3MlM0QlMjJidG4lMjIlMjBidXR0b24lM0QlMjJleHBlcnQtaW5pdGlhbC1zZXB0ZW1icmUlMjIlMjB0YXJnZXQlM0QlMjJfYmxhbmslMjIlM0VTJTI3aW5zY3JpcmUlM0MlMkZhJTNFJTBBJTNDJTJGZGl2JTNFJTBBJTNDZGl2JTIwY2xhc3MlM0QlMjJwcmljaW5nLWJ0biUyMiUzRSUwQSUyMCUyMCUyMCUyMCUzQ2ElMjBocmVmJTNEJTIyaHR0cHMlM0ElMkYlMkZ1czAyd2ViLnpvb20udXMlMkZ3ZWJpbmFyJTJGcmVnaXN0ZXIlMkZXTl80S2Nyb0lLaFJqU3F2T3U0ZkNEVG5BJTIyJTIwY2xhc3MlM0QlMjJidG4lMjIlMjBidXR0b24lM0QlMjJleHBlcnQtaW5pdGlhbC1vY3RvYnJlJTIyJTIwdGFyZ2V0JTNEJTIyX2JsYW5rJTIyJTNFUyUyN2luc2NyaXJlJTNDJTJGYSUzRSUwQSUzQyUyRmRpdiUzRSUwQSUzQ2RpdiUyMGNsYXNzJTNEJTIycHJpY2luZy1idG4lMjIlM0UlMEElMjAlMjAlMjAlMjAlM0NhJTIwaHJlZiUzRCUyMmh0dHBzJTNBJTJGJTJGdXMwMndlYi56b29tLnVzJTJGd2ViaW5hciUyRnJlZ2lzdGVyJTJGV05fWG5LMHpwTWJTQkswNGlTQkRmRDdqdyUyMiUyMGNsYXNzJTNEJTIyYnRuJTIyJTIwYnV0dG9uJTNEJTIyZXhwZXJ0LWluaXRpYWwtbm92ZW1icmUlMjIlMjB0YXJnZXQlM0QlMjJfYmxhbmslMjIlM0VTJTI3aW5zY3JpcmUlM0MlMkZhJTNFJTBBJTNDJTJGZGl2JTNFJTBBJTNDZGl2JTIwY2xhc3MlM0QlMjJwcmljaW5nLWJ0biUyMiUzRSUwQSUyMCUyMCUyMCUyMCUzQ2ElMjBocmVmJTNEJTIyaHR0cHMlM0ElMkYlMkZ1czAyd2ViLnpvb20udXMlMkZ3ZWJpbmFyJTJGcmVnaXN0ZXIlMkZXTl9nQ3Z2RzR5M1NIbUpPdjhzeGRhNzhRJTIyJTIwY2xhc3MlM0QlMjJidG4lMjIlMjBidXR0b24lM0QlMjJleHBlcnQtaW5pdGlhbC1kZWNlbWJyZSUyMiUyMHRhcmdldCUzRCUyMl9ibGFuayUyMiUzRVMlMjdpbnNjcmlyZSUzQyUyRmElM0UlMEElM0MlMkZkaXYlM0U=[\/vc_raw_html][vc_raw_js]JTNDc2NyaXB0JTNFJTBBZG9jdW1lbnQuZ2V0RWxlbWVudEJ5SWQlMjglMjJzZWxlY3QyJTIyJTI5LmFkZEV2ZW50TGlzdGVuZXIlMjglMjJjaGFuZ2UlMjIlMkMlMjAlMjhldiUyOSUyMCUzRCUzRSUyMCU3QiUwQSUyMCUyMHZhciUyMGJ1dHRvbklkMiUyMCUzRCUyMGRvY3VtZW50LmdldEVsZW1lbnRCeUlkJTI4JTIyc2VsZWN0MiUyMiUyOS52YWx1ZSUzQiUwQSUyMCUyMHZhciUyMGJ1dHRvbjIlMjAlM0QlMjBkb2N1bWVudC5xdWVyeVNlbGVjdG9yJTI4JTI3JTVCYnV0dG9uJTNEJTIyJTI3JTIwJTJCJTIwYnV0dG9uSWQyJTIwJTJCJTIwJTI3JTIyJTVEJTI3JTI5JTNCJTBBJTIwJTIwdmFyJTIwYnV0dG9uczIlMjAlM0QlMjBkb2N1bWVudC5xdWVyeVNlbGVjdG9yQWxsJTI4JTIyLmJ0biUyMiUyOS5mb3JFYWNoJTI4ZWwlMjAlM0QlM0UlMjAlN0IlMEElMjAlMjAlMjAlMjBlbC5zdHlsZS5kaXNwbGF5JTIwJTNEJTIwJTI3bm9uZSUyNyUzQiUwQSUyMCUyMCU3RCUyOSUzQiUwQSUyMCUyMGJ1dHRvbjIuc3R5bGUuZGlzcGxheSUyMCUzRCUyMCUyN2Jsb2NrJTI3JTNCJTBBJTdEJTI5JTNCJTIwJTBBJTNDJTJGc2NyaXB0JTNF[\/vc_raw_js][\/vc_column_inner][vc_column_inner width=&#8221;1\/2&#8243;][vc_column_text el_class=&#8221;presentation-offre&#8221;]<\/p>\r\n<h3>Formation avanc\u00e9e<strong><br \/><\/strong><\/h3>\r\n<ul>\r\n<li>Param\u00e9trage avanc\u00e9<\/li>\r\n<li>Validation &amp; reconstruction des donn\u00e9es<\/li>\r\n<li>\u00c9tablissement d&#8217;un tableau de bord<\/li>\r\n<li>\u00c9dition de rapport de donn\u00e9es<\/li>\r\n<\/ul>\r\n<p>[\/vc_column_text][vc_raw_html el_class=&#8221;formulaire-inscription&#8221;]JTNDc3R5bGUlM0UlMEEuYnRuJTIwJTdCJTBBZGlzcGxheSUzQSUyMG5vbmUlM0IlMEElN0QlMEElM0MlMkZzdHlsZSUzRSUwQSUwQSUzQ3NlbGVjdCUyMGlkJTNEJTIyc2VsZWN0MyUyMiUzRSUwQSUzQ29wdGlvbiUyMHZhbHVlJTNEJTIyJTIyJTIwc2VsZWN0ZWQlMjBoaWRkZW4lM0VTJUMzJUE5bGVjdGlvbm5lciUyMHZvdHJlJTIwZGF0ZSUzQyUyRm9wdGlvbiUzRSUwQSUzQ29wdGlvbiUyMHZhbHVlJTNEJTIyZXhwZXJ0LWF2YW5jZS1qdWluJTIyJTNFTWFyZGklMjAyNCUyMGp1aW4lMjAyMDI1JTIwMTZoMDAtMTdoJTNDJTJGb3B0aW9uJTNFJTBBJTNDb3B0aW9uJTIwdmFsdWUlM0QlMjJleHBlcnQtYXZhbmNlLWp1aWxsZXQlMjIlM0VKZXVkaSUyMDI0JTIwanVpbGxldCUyMDIwMjUlMjAxMGgtMTFoJTNDJTJGb3B0aW9uJTNFJTBBJTNDb3B0aW9uJTIwdmFsdWUlM0QlMjJleHBlcnQtYXZhbmNlLXNlcHRlbWJyZSUyMiUzRUpldWRpJTIwMTglMjBzZXB0ZW1icmUlMjAyMDI1JTIwMTBoLTExaCUzQyUyRm9wdGlvbiUzRSUwQSUzQ29wdGlvbiUyMHZhbHVlJTNEJTIyZXhwZXJ0LWF2YW5jZS1vY3RvYnJlJTIyJTNFTWVyY3JlZGklMjAxNSUyMG9jdG9icmUlMjAyMDI1JTIwMTVoLTE2aCUzQyUyRm9wdGlvbiUzRSUwQSUzQ29wdGlvbiUyMHZhbHVlJTNEJTIyZXhwZXJ0LWF2YW5jZS1ub3ZlbWJyZSUyMiUzRU1lcmNyZWRpJTIwMTklMjBub3ZlbWJyZSUyMDIwMjUlMjAxNGgzMC0xNWgzMCUzQyUyRm9wdGlvbiUzRSUwQSUzQ29wdGlvbiUyMHZhbHVlJTNEJTIyZXhwZXJ0LWF2YW5jZS1kZWNlbWJyZSUyMiUzRUpldWRpJTIwMTElMjBkJUMzJUE5Y2VtYnJlJTIwMjAyNSUyMDE0aDMwLTE1aDMwJTNDJTJGb3B0aW9uJTNFJTBBJTNDJTJGc2VsZWN0JTNFJTBBJTBBJTNDZGl2JTIwY2xhc3MlM0QlMjJwcmljaW5nLWJ0biUyMiUzRSUwQSUyMCUyMCUyMCUyMCUzQ2ElMjBocmVmJTNEJTIyaHR0cHMlM0ElMkYlMkZ1czAyd2ViLnpvb20udXMlMkZ3ZWJpbmFyJTJGcmVnaXN0ZXIlMkZXTl91eEJHZDBXSFRHLWptMmlGTU1hT3p3JTIyJTIwY2xhc3MlM0QlMjJidG4lMjIlMjBidXR0b24lM0QlMjJleHBlcnQtYXZhbmNlLWp1aW4lMjIlMjB0YXJnZXQlM0QlMjJfYmxhbmslMjIlM0VTJTI3aW5zY3JpcmUlM0MlMkZhJTNFJTBBJTNDJTJGZGl2JTNFJTBBJTNDZGl2JTIwY2xhc3MlM0QlMjJwcmljaW5nLWJ0biUyMiUzRSUwQSUyMCUyMCUyMCUyMCUzQ2ElMjBocmVmJTNEJTIyaHR0cHMlM0ElMkYlMkZ1czAyd2ViLnpvb20udXMlMkZ3ZWJpbmFyJTJGcmVnaXN0ZXIlMkZXTl9hN3NMaV9QdVNjcUxDazlGWmdseHV3JTIyJTIwY2xhc3MlM0QlMjJidG4lMjIlMjBidXR0b24lM0QlMjJleHBlcnQtYXZhbmNlLWp1aWxsZXQlMjIlMjB0YXJnZXQlM0QlMjJfYmxhbmslMjIlM0VTJTI3aW5zY3JpcmUlM0MlMkZhJTNFJTBBJTNDJTJGZGl2JTNFJTBBJTNDZGl2JTIwY2xhc3MlM0QlMjJwcmljaW5nLWJ0biUyMiUzRSUwQSUyMCUyMCUyMCUyMCUzQ2ElMjBocmVmJTNEJTIyaHR0cHMlM0ElMkYlMkZ1czAyd2ViLnpvb20udXMlMkZ3ZWJpbmFyJTJGcmVnaXN0ZXIlMkZXTl82RDNpVWNjT1JGMmlnQ0JueTFxT3Z3JTIyJTIwY2xhc3MlM0QlMjJidG4lMjIlMjBidXR0b24lM0QlMjJleHBlcnQtYXZhbmNlLXNlcHRlbWJyZSUyMiUyMHRhcmdldCUzRCUyMl9ibGFuayUyMiUzRVMlMjdpbnNjcmlyZSUzQyUyRmElM0UlMEElM0MlMkZkaXYlM0UlMEElM0NkaXYlMjBjbGFzcyUzRCUyMnByaWNpbmctYnRuJTIyJTNFJTBBJTIwJTIwJTIwJTIwJTNDYSUyMGhyZWYlM0QlMjJodHRwcyUzQSUyRiUyRnVzMDJ3ZWIuem9vbS51cyUyRndlYmluYXIlMkZyZWdpc3RlciUyRldOX0VkSGhBLUFWUTgybkdIMVRWY2l6RmclMjIlMjBjbGFzcyUzRCUyMmJ0biUyMiUyMGJ1dHRvbiUzRCUyMmV4cGVydC1hdmFuY2Utb2N0b2JyZSUyMiUyMHRhcmdldCUzRCUyMl9ibGFuayUyMiUzRVMlMjdpbnNjcmlyZSUzQyUyRmElM0UlMEElM0MlMkZkaXYlM0UlMEElM0NkaXYlMjBjbGFzcyUzRCUyMnByaWNpbmctYnRuJTIyJTNFJTBBJTIwJTIwJTIwJTIwJTNDYSUyMGhyZWYlM0QlMjJodHRwcyUzQSUyRiUyRnVzMDJ3ZWIuem9vbS51cyUyRndlYmluYXIlMkZyZWdpc3RlciUyRldOX0l2LUVnTzBJUU9TVmZlcnc5ODd0ekElMjIlMjBjbGFzcyUzRCUyMmJ0biUyMiUyMGJ1dHRvbiUzRCUyMmV4cGVydC1hdmFuY2Utbm92ZW1icmUlMjIlMjB0YXJnZXQlM0QlMjJfYmxhbmslMjIlM0VTJTI3aW5zY3JpcmUlM0MlMkZhJTNFJTBBJTNDJTJGZGl2JTNFJTBBJTNDZGl2JTIwY2xhc3MlM0QlMjJwcmljaW5nLWJ0biUyMiUzRSUwQSUyMCUyMCUyMCUyMCUzQ2ElMjBocmVmJTNEJTIyaHR0cHMlM0ElMkYlMkZ1czAyd2ViLnpvb20udXMlMkZ3ZWJpbmFyJTJGcmVnaXN0ZXIlMkZXTl9MRVEyVDFaSFJZT21ZR0VlQU1NLTJnJTIyJTIwY2xhc3MlM0QlMjJidG4lMjIlMjBidXR0b24lM0QlMjJleHBlcnQtYXZhbmNlLWRlY2VtYnJlJTIyJTIwdGFyZ2V0JTNEJTIyX2JsYW5rJTIyJTNFUyUyN2luc2NyaXJlJTNDJTJGYSUzRSUwQSUzQyUyRmRpdiUzRQ==[\/vc_raw_html][vc_raw_js]JTNDc2NyaXB0JTNFJTBBZG9jdW1lbnQuZ2V0RWxlbWVudEJ5SWQlMjglMjJzZWxlY3QzJTIyJTI5LmFkZEV2ZW50TGlzdGVuZXIlMjglMjJjaGFuZ2UlMjIlMkMlMjAlMjhldiUyOSUyMCUzRCUzRSUyMCU3QiUwQSUyMCUyMHZhciUyMGJ1dHRvbklkMyUyMCUzRCUyMGRvY3VtZW50LmdldEVsZW1lbnRCeUlkJTI4JTIyc2VsZWN0MyUyMiUyOS52YWx1ZSUzQiUwQSUyMCUyMHZhciUyMGJ1dHRvbjMlMjAlM0QlMjBkb2N1bWVudC5xdWVyeVNlbGVjdG9yJTI4JTI3JTVCYnV0dG9uJTNEJTIyJTI3JTIwJTJCJTIwYnV0dG9uSWQzJTIwJTJCJTIwJTI3JTIyJTVEJTI3JTI5JTNCJTBBJTIwJTIwdmFyJTIwYnV0dG9uczMlMjAlM0QlMjBkb2N1bWVudC5xdWVyeVNlbGVjdG9yQWxsJTI4JTIyLmJ0biUyMiUyOS5mb3JFYWNoJTI4ZWwlMjAlM0QlM0UlMjAlN0IlMEElMjAlMjAlMjAlMjBlbC5zdHlsZS5kaXNwbGF5JTIwJTNEJTIwJTI3bm9uZSUyNyUzQiUwQSUyMCUyMCU3RCUyOSUzQiUwQSUyMCUyMGJ1dHRvbjMuc3R5bGUuZGlzcGxheSUyMCUzRCUyMCUyN2Jsb2NrJTI3JTNCJTBBJTdEJTI5JTNCJTIwJTBBJTNDJTJGc2NyaXB0JTNF[\/vc_raw_js][\/vc_column_inner][\/vc_row_inner][vc_column_text el_class=&#8221;asterisque&#8221;]<\/p>\r\n<p>* <em>L&#8217;offre ESSENTIEL n&#8217;est pas disponible aux \u00c9tats-Unis et au Canada.<\/em><\/p>\r\n<p>[\/vc_column_text][\/vc_column][\/vc_row][vc_row row_content_display=&#8221;in_grid&#8221; row_content_display_align=&#8221;left&#8221; row_type=&#8221;row&#8221; stretch_row_type=&#8221;yes&#8221;][vc_column][vc_separator][vc_column_text el_class=&#8221;titre-offre-historique&#8221;]<\/p>\r\n<h2><strong>Offres historiques : BASIC &amp; PROFESSIONNEL<br \/><\/strong><\/h2>\r\n<p>[\/vc_column_text][\/vc_column][\/vc_row][vc_row row_content_display=&#8221;in_grid&#8221; row_content_display_align=&#8221;left&#8221; row_type=&#8221;row&#8221; stretch_row_type=&#8221;yes&#8221;][vc_column width=&#8221;1\/2&#8243;][vc_video link=&#8221;https:\/\/youtu.be\/Sk3UC2Jv6Vc&#8221; title=&#8221;Formation initiale&#8221; el_class=&#8221;videos-offres-historiques&#8221;][\/vc_column][vc_column width=&#8221;1\/2&#8243;][vc_video link=&#8221;https:\/\/youtu.be\/honPhkpsnx8&#8243; title=&#8221;Formation avanc\u00e9e&#8221; el_class=&#8221;videos-offres-historiques&#8221;][\/vc_column][\/vc_row]<\/p>","protected":false},"excerpt":{"rendered":"<p>[vc_row row_content_display=&#8221;in_grid&#8221; row_content_display_align=&#8221;left&#8221; row_type=&#8221;row&#8221; stretch_row_type=&#8221;yes&#8221;][vc_column][vc_column_text] Afin de vous accompagner au mieux dans la gestion et le suivi de votre projet de comptage, nous vous proposons, tout au long de l&#8217;ann\u00e9e, des webinaires d\u00e9di\u00e9s \u00e0 l&#8217;utilisation d&#8217;Eco-Visio, selon votre niveau d&#8217;offre. [\/vc_column_text][vc_separator][vc_message] COMMENT RETROUVER VOTRE OFFRE ? Connectez-vous \u00e0 votre compte Eco-Visio. D\u00e9pliez les informations de [&hellip;]<\/p>\n","protected":false},"author":1,"featured_media":0,"parent":0,"menu_order":0,"comment_status":"closed","ping_status":"closed","template":"","meta":{"_uag_custom_page_level_css":"","footnotes":""},"class_list":["post-358","page","type-page","status-publish","hentry"],"lang":"fr","translations":{"fr":358,"en":10066,"de":1873},"uagb_featured_image_src":{"full":false,"thumbnail":false,"medium":false,"medium_large":false,"large":false,"1536x1536":false,"2048x2048":false,"post-thumbnail":false,"lipi-image-700x525":false},"uagb_author_info":{"display_name":"ecovisio","author_link":"https:\/\/help.eco-visio.net\/index.php\/author\/ecovisio\/"},"uagb_comment_info":0,"uagb_excerpt":"[vc_row row_content_display=&#8221;in_grid&#8221; row_content_display_align=&#8221;left&#8221; row_type=&#8221;row&#8221; stretch_row_type=&#8221;yes&#8221;][vc_column][vc_column_text] Afin de vous accompagner au mieux dans la gestion et le suivi de votre projet de comptage, nous vous proposons, tout au long de l&#8217;ann\u00e9e, des webinaires d\u00e9di\u00e9s \u00e0 l&#8217;utilisation d&#8217;Eco-Visio, selon votre niveau d&#8217;offre. [\/vc_column_text][vc_separator][vc_message] COMMENT RETROUVER VOTRE OFFRE ? Connectez-vous \u00e0 votre compte Eco-Visio. D\u00e9pliez les informations de&hellip;","pll_sync_post":[],"_links":{"self":[{"href":"https:\/\/help.eco-visio.net\/index.php\/wp-json\/wp\/v2\/pages\/358","targetHints":{"allow":["GET"]}}],"collection":[{"href":"https:\/\/help.eco-visio.net\/index.php\/wp-json\/wp\/v2\/pages"}],"about":[{"href":"https:\/\/help.eco-visio.net\/index.php\/wp-json\/wp\/v2\/types\/page"}],"author":[{"embeddable":true,"href":"https:\/\/help.eco-visio.net\/index.php\/wp-json\/wp\/v2\/users\/1"}],"replies":[{"embeddable":true,"href":"https:\/\/help.eco-visio.net\/index.php\/wp-json\/wp\/v2\/comments?post=358"}],"version-history":[{"count":201,"href":"https:\/\/help.eco-visio.net\/index.php\/wp-json\/wp\/v2\/pages\/358\/revisions"}],"predecessor-version":[{"id":10946,"href":"https:\/\/help.eco-visio.net\/index.php\/wp-json\/wp\/v2\/pages\/358\/revisions\/10946"}],"wp:attachment":[{"href":"https:\/\/help.eco-visio.net\/index.php\/wp-json\/wp\/v2\/media?parent=358"}],"curies":[{"name":"wp","href":"https:\/\/api.w.org\/{rel}","templated":true}]}}