{"id":3009,"date":"2022-03-04T10:37:56","date_gmt":"2022-03-04T09:37:56","guid":{"rendered":"https:\/\/help.eco-visio.net\/?page_id=3009"},"modified":"2023-01-12T09:02:01","modified_gmt":"2023-01-12T08:02:01","slug":"home","status":"publish","type":"page","link":"https:\/\/help.eco-visio.net\/index.php\/es\/","title":{"rendered":"Inicio"},"content":{"rendered":"<p>[vc_row row_content_display=&#8221;in_grid&#8221; row_content_display_align=&#8221;left&#8221; row_type=&#8221;row&#8221; stretch_row_type=&#8221;yes&#8221;][vc_column][vc_column_text]<\/p>\n<div class=\"wpb_text_column wpb_content_element \">\n<div class=\"wpb_wrapper\">\n<h3 style=\"text-align: center;\">\u00a1Empecemos!<\/h3>\n<\/div>\n<\/div>\n<p>[\/vc_column_text][\/vc_column][\/vc_row][vc_row_inner][vc_column_inner width=&#8221;1\/3&#8243;]<div class=\"icon_with_text_title hvr-float\" style=\"padding:25px 15px 25px 15px; background:#ffffff; border-radius:10px; border:1px solid #d4d600; \">\r\n\t\t\t  \r\n\t\t\t  <div class=\"icon_holder top \" style=\"  text-align:center;\">\r\n\t\t\t  <span class=\"\"><i class=\"fa fa-search-location\" style=\" font-size:54px; color:#d4d600; \"><\/i><\/span>\r\n\t\t\t  <\/div>\r\n\t\t\t  \r\n\t\t\t  <div class=\"icon_text_holder top icon_text_holder_rtl_1182  \" style=\"  text-align:center;  \">\r\n\t\t\t\t<div class=\"icon_text_inner\">\r\n\t\t\t\t  <h6 style=\"     \">Gesti\u00f3n de contadores y sitios de conteo<\/h6>\r\n\t\t\t\t  <p class=\"desc\" style=\"   \">Aqu\u00ed encontrar\u00e1 informaci\u00f3n sobre la gesti\u00f3n de los sitios de conteo y los contadores, como por ejemplo reemplazar un sistema, cambiar las bater\u00edas o la gesti\u00f3n de los contadores m\u00f3viles.<\/p>\r\n\t\t\t\t  <p style=\"padding-top:10px;font-size:13px;text-transform: capitalize;letter-spacing: 0.6px;margin-top:0px;\"> <a href=\"https:\/\/help.eco-visio.net\/index.php\/es\/base-connaissance\/recursos-es\/gestion-cuenta-eco-visio-es\/\" class=\"more-link hvr-icon-wobble-horizontal\" style=\"  color:#d4d600!important;   \" target=\"_parent\">Buscar en Recursos&nbsp;&nbsp;<i class=\"fa fa-arrow-right hvr-icon\"><\/i><\/a> <\/p>\r\n\t\t\t\t<\/div>\r\n\t\t\t  <\/div>\r\n\t\t\t  \r\n\t\t\t<\/div>[\/vc_column_inner][vc_column_inner width=&#8221;1\/3&#8243;]<div class=\"icon_with_text_title hvr-float\" style=\"padding:25px 15px 25px 15px; background:#ffffff; border-radius:10px; border:1px solid #d4d600; \">\r\n\t\t\t  \r\n\t\t\t  <div class=\"icon_holder top \" style=\"  text-align:center;\">\r\n\t\t\t  <span class=\"\"><i class=\"fa fa-chart-area\" style=\" font-size:54px; color:#d4d600; \"><\/i><\/span>\r\n\t\t\t  <\/div>\r\n\t\t\t  \r\n\t\t\t  <div class=\"icon_text_holder top icon_text_holder_rtl_1183  \" style=\"  text-align:center;  \">\r\n\t\t\t\t<div class=\"icon_text_inner\">\r\n\t\t\t\t  <h6 style=\"     \">An\u00e1lisis de datos<\/h6>\r\n\t\t\t\t  <p class=\"desc\" style=\"   \">Aqu\u00ed encontrar\u00e1 tutoriales para aprender a analizar los datos con el software Eco-Visio<\/p>\r\n\t\t\t\t  <p style=\"padding-top:10px;font-size:13px;text-transform: capitalize;letter-spacing: 0.6px;margin-top:0px;\"> <a href=\"https:\/\/help.eco-visio.net\/index.php\/es\/base-connaissance\/recursos-es\/analisis-de-datos-es\/\" class=\"more-link hvr-icon-wobble-horizontal\" style=\"  color:#d4d600!important;   \" target=\"_parent\">Buscar en Recursos&nbsp;&nbsp;<i class=\"fa fa-arrow-right hvr-icon\"><\/i><\/a> <\/p>\r\n\t\t\t\t<\/div>\r\n\t\t\t  <\/div>\r\n\t\t\t  \r\n\t\t\t<\/div>[\/vc_column_inner][vc_column_inner width=&#8221;1\/3&#8243;]<div class=\"icon_with_text_title hvr-float\" style=\"padding:25px 15px 25px 15px; background:#ffffff; border-radius:10px; border:1px solid #d4d600; \">\r\n\t\t\t  \r\n\t\t\t  <div class=\"icon_holder top \" style=\"  text-align:center;\">\r\n\t\t\t  <span class=\"\"><i class=\"fa fa-users-cog\" style=\" font-size:54px; color:#d4d600; \"><\/i><\/span>\r\n\t\t\t  <\/div>\r\n\t\t\t  \r\n\t\t\t  <div class=\"icon_text_holder top icon_text_holder_rtl_1183  \" style=\"  text-align:center;  \">\r\n\t\t\t\t<div class=\"icon_text_inner\">\r\n\t\t\t\t  <h6 style=\"     \">Gesti\u00f3n de la cuenta de Eco-Visio<\/h6>\r\n\t\t\t\t  <p class=\"desc\" style=\"   \">Esta secci\u00f3n de Recursos proporciona informaci\u00f3n sobre c\u00f3mo gestionar la cuenta de Eco-Visio: preferencias de usuario, cambios de idioma, creaci\u00f3n de usuarios, etc.<\/p>\r\n\t\t\t\t  <p style=\"padding-top:10px;font-size:13px;text-transform: capitalize;letter-spacing: 0.6px;margin-top:0px;\"> <a href=\"https:\/\/help.eco-visio.net\/index.php\/es\/base-connaissance\/recursos-es\/gestion-cuenta-eco-visio-es\/\" class=\"more-link hvr-icon-wobble-horizontal\" style=\"  color:#d4d600!important;   \" target=\"_parent\">Buscar en Recursos&nbsp;&nbsp;<i class=\"fa fa-arrow-right hvr-icon\"><\/i><\/a> <\/p>\r\n\t\t\t\t<\/div>\r\n\t\t\t  <\/div>\r\n\t\t\t  \r\n\t\t\t<\/div>[\/vc_column_inner][\/vc_row_inner][vc_row row_content_display=&#8221;in_grid&#8221; row_content_display_align=&#8221;left&#8221; row_type=&#8221;row&#8221; stretch_row_type=&#8221;yes&#8221; background_color=&#8221;#f8f9fa&#8221; css=&#8221;.vc_custom_1537949211326{padding-top: 50px !important;padding-bottom: 50px !important;}&#8221;][vc_column width=&#8221;1\/2&#8243;][vc_separator][vc_column_text]<\/p>\n<h4>Art\u00edculos m\u00e1s vistos<\/h4>\n<p>Navegue por nuestros art\u00edculos m\u00e1s vistos:[\/vc_column_text]<div class=\"theme-widget vc_kb_article_type\"><h6 style=\"text-align:right;\"><span><\/span><\/h6><ul class=\"clearfix\"><li class=\"articles\"><a href=\"https:\/\/help.eco-visio.net\/index.php\/fr\/knowledgebase\/restaurer-un-site-supprime\/\" rel=\"bookmark\">Restaurer un site de comptage supprim\u00e9<\/a><\/li><li class=\"articles\"><a href=\"https:\/\/help.eco-visio.net\/index.php\/fr\/knowledgebase\/create_event\/\" rel=\"bookmark\">Cr\u00e9er un \u00e9v\u00e8nement<\/a><\/li><li class=\"articles\"><a href=\"https:\/\/help.eco-visio.net\/index.php\/fr\/knowledgebase\/duplicate_widget\/\" rel=\"bookmark\">Dupliquer un widget<\/a><\/li><li class=\"articles\"><a href=\"https:\/\/help.eco-visio.net\/index.php\/fr\/knowledgebase\/creer-une-formule-de-site\/\" rel=\"bookmark\">Cr\u00e9er une formule de site (ESSENTIEL, PROFESSIONNEL &#038; EXPERT)<\/a><\/li><\/ul><\/div>[\/vc_column][vc_column width=&#8221;1\/2&#8243;][vc_separator][vc_column_text]<\/p>\n<h4>Preguntas m\u00e1s frecuentes<\/h4>\n<p>Respuestas r\u00e1pidas a las preguntas m\u00e1s frecuentes:[\/vc_column_text][vc_toggle title=&#8221;\u00bfLos datos a las 10:00 horas corresponden a los datos registrados entre las 9:00 y las 10:00 horas o entre las 10:00 y las 11:00 horas?&#8221; style=&#8221;round&#8221; color=&#8221;sandy_brown&#8221; custom_font_container=&#8221;tag:h6|text_align:left&#8221; custom_use_theme_fonts=&#8221;yes&#8221; use_custom_heading=&#8221;true&#8221;]En el formato de an\u00e1lisis horario, los datos a las 11:00 horas corresponden a los conteos registrados entre las 11:00 y las 12:00 horas.<\/p>\n<p>En formato de an\u00e1lisis de 15 minutos, los datos a las 11:00 horas corresponden a los conteos registrados entre las 11:00 y las 11:15 horas.[\/vc_toggle][vc_toggle title=&#8221;\u00bfCu\u00e1l es la diferencia entre un sitio de conteo y un contador?&#8221; style=&#8221;round&#8221; color=&#8221;sandy_brown&#8221; custom_font_container=&#8221;tag:h6|text_align:left&#8221; custom_use_theme_fonts=&#8221;yes&#8221; use_custom_heading=&#8221;true&#8221;]El contador es el sistema f\u00edsico que se utiliza para contar.<\/p>\n<p>El sitio de conteo es la zona o el \u00e1rea donde uno o varios contadores registran datos.[\/vc_toggle][vc_toggle title=&#8221;\u00bfQu\u00e9 es un sitio de conteo?&#8221; style=&#8221;round&#8221; color=&#8221;sandy_brown&#8221; custom_font_container=&#8221;tag:h6|text_align:left&#8221; custom_use_theme_fonts=&#8221;yes&#8221; use_custom_heading=&#8221;true&#8221;]Un sitio de conteo es un \u00e1rea donde se realiza el conteo.<\/p>\n<p>Se pueden conectar varios contadores a un mismo sitio de conteo.[\/vc_toggle][\/vc_column][\/vc_row][vc_row row_content_display=&#8221;in_grid&#8221; row_content_display_align=&#8221;left&#8221; row_type=&#8221;row&#8221; stretch_row_type=&#8221;yes&#8221;][vc_column width=&#8221;1\/6&#8243;][\/vc_column][vc_column width=&#8221;2\/3&#8243;][vc_separator][vc_column_text]<\/p>\n<h3>\u00bfTodav\u00eda tiene preguntas? \u00a1Podemos ayudarle!<\/h3>\n<p>P\u00f3ngase en contacto con nosotros y nos pondremos en contacto con usted.<br \/>\n<a id=\"contactez-nous\"><\/a>[\/vc_column_text]\n<div class=\"wpcf7 no-js\" id=\"wpcf7-f3011-o1\" lang=\"en-US\" dir=\"ltr\" data-wpcf7-id=\"3011\">\n<div class=\"screen-reader-response\"><p role=\"status\" aria-live=\"polite\" aria-atomic=\"true\"><\/p> <ul><\/ul><\/div>\n<form action=\"\/index.php\/wp-json\/wp\/v2\/pages\/3009#wpcf7-f3011-o1\" method=\"post\" class=\"wpcf7-form init\" aria-label=\"Contact form\" novalidate=\"novalidate\" data-status=\"init\">\n<fieldset class=\"hidden-fields-container\"><input type=\"hidden\" name=\"_wpcf7\" value=\"3011\" \/><input type=\"hidden\" name=\"_wpcf7_version\" value=\"6.1.5\" \/><input type=\"hidden\" name=\"_wpcf7_locale\" value=\"en_US\" \/><input type=\"hidden\" name=\"_wpcf7_unit_tag\" value=\"wpcf7-f3011-o1\" \/><input type=\"hidden\" name=\"_wpcf7_container_post\" value=\"0\" \/><input type=\"hidden\" name=\"_wpcf7_posted_data_hash\" value=\"\" \/><input type=\"hidden\" name=\"_wpcf7_recaptcha_response\" value=\"\" \/>\n<\/fieldset>\n<p><label> Nombre y apellidos (*)<br \/>\n<span class=\"wpcf7-form-control-wrap\" data-name=\"your-name\"><input size=\"40\" maxlength=\"400\" class=\"wpcf7-form-control wpcf7-text wpcf7-validates-as-required\" aria-required=\"true\" aria-invalid=\"false\" value=\"\" type=\"text\" name=\"your-name\" \/><\/span> <\/label>\n<\/p>\n<p><label> Direcci\u00f3n de correo electr\u00f3nico (*)<br \/>\n<span class=\"wpcf7-form-control-wrap\" data-name=\"your-email\"><input size=\"40\" maxlength=\"400\" class=\"wpcf7-form-control wpcf7-email wpcf7-validates-as-required wpcf7-text wpcf7-validates-as-email\" aria-required=\"true\" aria-invalid=\"false\" value=\"\" type=\"email\" name=\"your-email\" \/><\/span> <\/label>\n<\/p>\n<p><label> Tel\u00e9fono (*)<br \/>\n<span class=\"wpcf7-form-control-wrap\" data-name=\"tel-986\"><input size=\"40\" maxlength=\"400\" class=\"wpcf7-form-control wpcf7-tel wpcf7-validates-as-required wpcf7-text wpcf7-validates-as-tel\" aria-required=\"true\" aria-invalid=\"false\" value=\"\" type=\"tel\" name=\"tel-986\" \/><\/span> <\/label>\n<\/p>\n<p><label> Organizaci\u00f3n (*)<br \/>\n<span class=\"wpcf7-form-control-wrap\" data-name=\"organisation\"><input size=\"40\" maxlength=\"400\" class=\"wpcf7-form-control wpcf7-text wpcf7-validates-as-required\" aria-required=\"true\" aria-invalid=\"false\" value=\"\" type=\"text\" name=\"organisation\" \/><\/span><\/label>\n<\/p>\n<p><label> N\u00famero de serie del contador<br \/>\n<span class=\"wpcf7-form-control-wrap\" data-name=\"serialnumber\"><input size=\"40\" maxlength=\"400\" class=\"wpcf7-form-control wpcf7-text\" aria-invalid=\"false\" value=\"\" type=\"text\" name=\"serialnumber\" \/><\/span> <\/label>\n<\/p>\n<p><label> Nombre del sitio<br \/>\n<span class=\"wpcf7-form-control-wrap\" data-name=\"sitename\"><input size=\"40\" maxlength=\"400\" class=\"wpcf7-form-control wpcf7-text\" aria-invalid=\"false\" value=\"\" type=\"text\" name=\"sitename\" \/><\/span> <\/label>\n<\/p>\n<p><label> Mensaje (opcional)<br \/>\n<span class=\"wpcf7-form-control-wrap\" data-name=\"message\"><textarea cols=\"40\" rows=\"10\" maxlength=\"2000\" class=\"wpcf7-form-control wpcf7-textarea\" aria-invalid=\"false\" name=\"message\"><\/textarea><\/span> <\/label>\n<\/p>\n<p><input class=\"wpcf7-form-control wpcf7-submit has-spinner\" type=\"submit\" value=\"Validar\" \/>\n<\/p><div class=\"wpcf7-response-output\" aria-hidden=\"true\"><\/div>\n<\/form>\n<\/div>\n[\/vc_column][vc_column width=&#8221;1\/6&#8243;][\/vc_column][\/vc_row][vc_row row_content_display=&#8221;in_grid&#8221; row_content_display_align=&#8221;left&#8221; row_type=&#8221;row&#8221; stretch_row_type=&#8221;yes&#8221;][vc_column][\/vc_column][\/vc_row]<\/p>\n<!-- \/wp:post-content -->","protected":false},"excerpt":{"rendered":"<p>[vc_row row_content_display=&#8221;in_grid&#8221; row_content_display_align=&#8221;left&#8221; row_type=&#8221;row&#8221; stretch_row_type=&#8221;yes&#8221;][vc_column][vc_column_text] \u00a1Empecemos! [\/vc_column_text][\/vc_column][\/vc_row][vc_row_inner][vc_column_inner width=&#8221;1\/3&#8243;][\/vc_column_inner][vc_column_inner width=&#8221;1\/3&#8243;][\/vc_column_inner][vc_column_inner width=&#8221;1\/3&#8243;][\/vc_column_inner][\/vc_row_inner][vc_row row_content_display=&#8221;in_grid&#8221; row_content_display_align=&#8221;left&#8221; row_type=&#8221;row&#8221; stretch_row_type=&#8221;yes&#8221; background_color=&#8221;#f8f9fa&#8221; css=&#8221;.vc_custom_1537949211326{padding-top: 50px !important;padding-bottom: 50px !important;}&#8221;][vc_column width=&#8221;1\/2&#8243;][vc_separator][vc_column_text] Art\u00edculos m\u00e1s vistos Navegue por nuestros art\u00edculos m\u00e1s vistos:[\/vc_column_text][\/vc_column][vc_column width=&#8221;1\/2&#8243;][vc_separator][vc_column_text] Preguntas m\u00e1s frecuentes Respuestas r\u00e1pidas a las preguntas m\u00e1s frecuentes:[\/vc_column_text][vc_toggle title=&#8221;\u00bfLos datos a las 10:00 horas corresponden a los datos registrados entre las 9:00 [&hellip;]<\/p>\n","protected":false},"author":1,"featured_media":0,"parent":0,"menu_order":0,"comment_status":"closed","ping_status":"closed","template":"","meta":{"_uag_custom_page_level_css":"","footnotes":""},"class_list":["post-3009","page","type-page","status-publish","hentry"],"lang":"es","translations":{"es":3009,"fr":2090,"en":2166,"de":790},"uagb_featured_image_src":{"full":false,"thumbnail":false,"medium":false,"medium_large":false,"large":false,"1536x1536":false,"2048x2048":false,"post-thumbnail":false,"lipi-image-700x525":false},"uagb_author_info":{"display_name":"ecovisio","author_link":"https:\/\/help.eco-visio.net\/index.php\/author\/ecovisio\/"},"uagb_comment_info":0,"uagb_excerpt":"[vc_row row_content_display=&#8221;in_grid&#8221; row_content_display_align=&#8221;left&#8221; row_type=&#8221;row&#8221; stretch_row_type=&#8221;yes&#8221;][vc_column][vc_column_text] \u00a1Empecemos! [\/vc_column_text][\/vc_column][\/vc_row][vc_row_inner][vc_column_inner width=&#8221;1\/3&#8243;][\/vc_column_inner][vc_column_inner width=&#8221;1\/3&#8243;][\/vc_column_inner][vc_column_inner width=&#8221;1\/3&#8243;][\/vc_column_inner][\/vc_row_inner][vc_row row_content_display=&#8221;in_grid&#8221; row_content_display_align=&#8221;left&#8221; row_type=&#8221;row&#8221; stretch_row_type=&#8221;yes&#8221; background_color=&#8221;#f8f9fa&#8221; css=&#8221;.vc_custom_1537949211326{padding-top: 50px !important;padding-bottom: 50px !important;}&#8221;][vc_column width=&#8221;1\/2&#8243;][vc_separator][vc_column_text] Art\u00edculos m\u00e1s vistos Navegue por nuestros art\u00edculos m\u00e1s vistos:[\/vc_column_text][\/vc_column][vc_column width=&#8221;1\/2&#8243;][vc_separator][vc_column_text] Preguntas m\u00e1s frecuentes Respuestas r\u00e1pidas a las preguntas m\u00e1s frecuentes:[\/vc_column_text][vc_toggle title=&#8221;\u00bfLos datos a las 10:00 horas corresponden a los datos registrados entre las 9:00&hellip;","pll_sync_post":[],"_links":{"self":[{"href":"https:\/\/help.eco-visio.net\/index.php\/wp-json\/wp\/v2\/pages\/3009","targetHints":{"allow":["GET"]}}],"collection":[{"href":"https:\/\/help.eco-visio.net\/index.php\/wp-json\/wp\/v2\/pages"}],"about":[{"href":"https:\/\/help.eco-visio.net\/index.php\/wp-json\/wp\/v2\/types\/page"}],"author":[{"embeddable":true,"href":"https:\/\/help.eco-visio.net\/index.php\/wp-json\/wp\/v2\/users\/1"}],"replies":[{"embeddable":true,"href":"https:\/\/help.eco-visio.net\/index.php\/wp-json\/wp\/v2\/comments?post=3009"}],"version-history":[{"count":9,"href":"https:\/\/help.eco-visio.net\/index.php\/wp-json\/wp\/v2\/pages\/3009\/revisions"}],"predecessor-version":[{"id":3561,"href":"https:\/\/help.eco-visio.net\/index.php\/wp-json\/wp\/v2\/pages\/3009\/revisions\/3561"}],"wp:attachment":[{"href":"https:\/\/help.eco-visio.net\/index.php\/wp-json\/wp\/v2\/media?parent=3009"}],"curies":[{"name":"wp","href":"https:\/\/api.w.org\/{rel}","templated":true}]}}