{"id":10507,"date":"2025-07-22T11:12:35","date_gmt":"2025-07-22T09:12:35","guid":{"rendered":"https:\/\/help.eco-visio.net\/?page_id=10507"},"modified":"2026-01-06T09:04:44","modified_gmt":"2026-01-06T08:04:44","slug":"webinaires-offres-essentiel-professionnel-ou-expert","status":"publish","type":"page","link":"https:\/\/help.eco-visio.net\/index.php\/fr\/webinaires-offres-essentiel-professionnel-ou-expert\/","title":{"rendered":"Webinaires Offres ESSENTIEL*, PROFESSIONNEL ou EXPERT"},"content":{"rendered":"<p>[vc_row row_content_display=&#8221;in_grid&#8221; row_content_display_align=&#8221;left&#8221; row_type=&#8221;row&#8221; stretch_row_type=&#8221;yes&#8221;][vc_column][vc_column_text]<em><img loading=\"lazy\" decoding=\"async\" class=\"size-medium wp-image-4717 aligncenter\" src=\"https:\/\/help.eco-visio.net\/wp-content\/uploads\/2023\/12\/Fichier-3@1000x-300x63.png\" alt=\"Les offres ESSENTIEL, PROFESSIONNEL et EXPERT vous donnent acc\u00e8s \u00e0 toutes les fonctionnalit\u00e9s d'Eco-Visio.\" width=\"300\" height=\"63\" srcset=\"https:\/\/help.eco-visio.net\/wp-content\/uploads\/2023\/12\/Fichier-3@1000x-300x63.png 300w, https:\/\/help.eco-visio.net\/wp-content\/uploads\/2023\/12\/Fichier-3@1000x-1024x216.png 1024w, https:\/\/help.eco-visio.net\/wp-content\/uploads\/2023\/12\/Fichier-3@1000x-768x162.png 768w, https:\/\/help.eco-visio.net\/wp-content\/uploads\/2023\/12\/Fichier-3@1000x-1536x324.png 1536w, https:\/\/help.eco-visio.net\/wp-content\/uploads\/2023\/12\/Fichier-3@1000x-2048x432.png 2048w\" sizes=\"(max-width: 300px) 100vw, 300px\" \/><\/em><\/p>\n<p style=\"text-align: center;\"><em>* L\u2019offre ESSENTIEL n\u2019est pas disponible aux \u00c9tats-Unis et au Canada.<\/em><\/p>\n<p>[\/vc_column_text][\/vc_column][\/vc_row][vc_row row_content_display=&#8221;in_grid&#8221; row_content_display_align=&#8221;left&#8221; row_type=&#8221;row&#8221; stretch_row_type=&#8221;yes&#8221;][vc_column width=&#8221;1\/2&#8243;][vc_column_text]<\/p>\n<h3>Formation initiale<strong><br \/>\n<\/strong><\/h3>\n<ul>\n<li>Prise en main du logiciel<\/li>\n<li>Param\u00e9trage &amp; outils<\/li>\n<li>Gestion du parc de compteurs<\/li>\n<li>Analyses<\/li>\n<\/ul>\n<p>[\/vc_column_text][vc_raw_html el_class=&#8221;formulaire-inscription&#8221;]JTNDc3R5bGUlM0UlMEEuYnRuJTIwJTdCJTBBZGlzcGxheSUzQSUyMG5vbmUlM0IlMEElN0QlMEElM0MlMkZzdHlsZSUzRSUwQSUwQSUzQ3NlbGVjdCUyMGlkJTNEJTIyc2VsZWN0MiUyMiUzRSUwQSUzQ29wdGlvbiUyMHZhbHVlJTNEJTIyJTIyJTIwc2VsZWN0ZWQlMjBoaWRkZW4lM0VTJUMzJUE5bGVjdGlvbm5lciUyMHZvdHJlJTIwZGF0ZSUzQyUyRm9wdGlvbiUzRSUwQSUzQ29wdGlvbiUyMHZhbHVlJTNEJTIyZXhwZXJ0LWluaXRpYWwtZGVjZW1icmUlMjIlM0VNZXJjcmVkaSUyMDEwJTIwZCVDMyVBOWNlbWJyZSUyMDIwMjUlMjAxNGgzMC0xNWgzMCUyMCUzQ3N0cm9uZyUzRSUyOENFVCUyOSUzQyUyRnN0cm9uZyUzRSUzQyUyRm9wdGlvbiUzRSUwQSUzQ29wdGlvbiUyMHZhbHVlJTNEJTIyZXhwZXJ0LWluaXRpYWwtamFudmllciUyMiUzRU1hcmRpJTIwMjAlMjBqYW52aWVyJTIwMjAyNiUyMDE1aC0xNmglMjAlM0NzdG9uZyUzRSUyOENFVCUyOSUzQyUyRnN0cm9uZyUzRSUzQyUyRm9wdGlvbiUzRSUwQSUzQ29wdGlvbiUyMHZhbHVlJTNEJTIyZXhwZXJ0LWluaXRpYWwtZmV2cmllciUyMiUzRU1hcmRpJTIwMjQlMjBmZXZyaWVyJTIwMjAyNiUyMDE1aC0xNmglMjAlM0NzdG9uZyUzRSUyOENFVCUyOSUzQyUyRnN0cm9uZyUzRSUzQyUyRm9wdGlvbiUzRSUwQSUzQ29wdGlvbiUyMHZhbHVlJTNEJTIyZXhwZXJ0LWluaXRpYWwtbWFycyUyMiUzRU1hcmRpJTIwMjQlMjBtYXJzJTIwMjAyNiUyMDE1aC0xNmglMjAlM0NzdG9uZyUzRSUyOENFVCUyOSUzQyUyRnN0cm9uZyUzRSUzQyUyRm9wdGlvbiUzRSUwQSUzQyUyRnNlbGVjdCUzRSUwQSUwQSUzQ2RpdiUyMGNsYXNzJTNEJTIycHJpY2luZy1idG4lMjIlM0UlMEElMjAlMjAlMjAlMjAlM0NhJTIwaHJlZiUzRCUyMmh0dHBzJTNBJTJGJTJGdXMwMndlYi56b29tLnVzJTJGd2ViaW5hciUyRnJlZ2lzdGVyJTJGV05fZ0N2dkc0eTNTSG1KT3Y4c3hkYTc4USUyMiUyMGNsYXNzJTNEJTIyYnRuJTIyJTIwYnV0dG9uJTNEJTIyZXhwZXJ0LWluaXRpYWwtZGVjZW1icmUlMjIlMjB0YXJnZXQlM0QlMjJfYmxhbmslMjIlM0VTJTI3aW5zY3JpcmUlM0MlMkZhJTNFJTBBJTNDJTJGZGl2JTNFJTBBJTNDZGl2JTIwY2xhc3MlM0QlMjJwcmljaW5nLWJ0biUyMiUzRSUwQSUyMCUyMCUyMCUyMCUzQ2ElMjBocmVmJTNEJTIyaHR0cHMlM0ElMkYlMkZ1czAyd2ViLnpvb20udXMlMkZ3ZWJpbmFyJTJGcmVnaXN0ZXIlMkZXTl8wNjdRdW5JWFR6T2hTX2x5UWc3QW9nJTIyJTIwY2xhc3MlM0QlMjJidG4lMjIlMjBidXR0b24lM0QlMjJleHBlcnQtaW5pdGlhbC1qYW52aWVyJTIyJTIwdGFyZ2V0JTNEJTIyX2JsYW5rJTIyJTNFUyUyN2luc2NyaXJlJTNDJTJGYSUzRSUwQSUzQyUyRmRpdiUzRSUwQSUzQ2RpdiUyMGNsYXNzJTNEJTIycHJpY2luZy1idG4lMjIlM0UlMEElMjAlMjAlMjAlMjAlM0NhJTIwaHJlZiUzRCUyMmh0dHBzJTNBJTJGJTJGdXMwMndlYi56b29tLnVzJTJGd2ViaW5hciUyRnJlZ2lzdGVyJTJGV05fZ1hrb1dVN0FRaFdQc0VTOTYxMmhoZyUyMiUyMGNsYXNzJTNEJTIyYnRuJTIyJTIwYnV0dG9uJTNEJTIyZXhwZXJ0LWluaXRpYWwtZmV2cmllciUyMiUyMHRhcmdldCUzRCUyMl9ibGFuayUyMiUzRVMlMjdpbnNjcmlyZSUzQyUyRmElM0UlMEElM0MlMkZkaXYlM0UlMEElM0NkaXYlMjBjbGFzcyUzRCUyMnByaWNpbmctYnRuJTIyJTNFJTBBJTIwJTIwJTIwJTIwJTNDYSUyMGhyZWYlM0QlMjJodHRwcyUzQSUyRiUyRnVzMDJ3ZWIuem9vbS51cyUyRndlYmluYXIlMkZyZWdpc3RlciUyRldOX24wNkltV3dPUWZhNzZKdHQzS1BhYkElMjIlMjBjbGFzcyUzRCUyMmJ0biUyMiUyMGJ1dHRvbiUzRCUyMmV4cGVydC1pbml0aWFsLW1hcnMlMjIlMjB0YXJnZXQlM0QlMjJfYmxhbmslMjIlM0VTJTI3aW5zY3JpcmUlM0MlMkZhJTNFJTBBJTNDJTJGZGl2JTNF[\/vc_raw_html][vc_raw_js]JTNDc2NyaXB0JTNFJTBBZG9jdW1lbnQuZ2V0RWxlbWVudEJ5SWQlMjglMjJzZWxlY3QyJTIyJTI5LmFkZEV2ZW50TGlzdGVuZXIlMjglMjJjaGFuZ2UlMjIlMkMlMjAlMjhldiUyOSUyMCUzRCUzRSUyMCU3QiUwQSUyMCUyMHZhciUyMGJ1dHRvbklkMiUyMCUzRCUyMGRvY3VtZW50LmdldEVsZW1lbnRCeUlkJTI4JTIyc2VsZWN0MiUyMiUyOS52YWx1ZSUzQiUwQSUyMCUyMHZhciUyMGJ1dHRvbjIlMjAlM0QlMjBkb2N1bWVudC5xdWVyeVNlbGVjdG9yJTI4JTI3JTVCYnV0dG9uJTNEJTIyJTI3JTIwJTJCJTIwYnV0dG9uSWQyJTIwJTJCJTIwJTI3JTIyJTVEJTI3JTI5JTNCJTBBJTIwJTIwdmFyJTIwYnV0dG9uczIlMjAlM0QlMjBkb2N1bWVudC5xdWVyeVNlbGVjdG9yQWxsJTI4JTIyLmJ0biUyMiUyOS5mb3JFYWNoJTI4ZWwlMjAlM0QlM0UlMjAlN0IlMEElMjAlMjAlMjAlMjBlbC5zdHlsZS5kaXNwbGF5JTIwJTNEJTIwJTI3bm9uZSUyNyUzQiUwQSUyMCUyMCU3RCUyOSUzQiUwQSUyMCUyMGJ1dHRvbjIuc3R5bGUuZGlzcGxheSUyMCUzRCUyMCUyN2Jsb2NrJTI3JTNCJTBBJTdEJTI5JTNCJTIwJTBBJTNDJTJGc2NyaXB0JTNF[\/vc_raw_js][\/vc_column][vc_column width=&#8221;1\/2&#8243;][vc_column_text]<\/p>\n<h3>Formation avanc\u00e9e<strong><br \/>\n<\/strong><\/h3>\n<ul>\n<li>Param\u00e9trage avanc\u00e9<\/li>\n<li>Validation &amp; reconstruction des donn\u00e9es<\/li>\n<li>\u00c9tablissement d&#8217;un tableau de bord<\/li>\n<li>\u00c9dition de rapport de donn\u00e9es<\/li>\n<\/ul>\n<p>[\/vc_column_text][vc_raw_html el_class=&#8221;formulaire-inscription&#8221;]JTNDc3R5bGUlM0UlMEEuYnRuJTIwJTdCJTBBZGlzcGxheSUzQSUyMG5vbmUlM0IlMEElN0QlMEElM0MlMkZzdHlsZSUzRSUwQSUwQSUzQ3NlbGVjdCUyMGlkJTNEJTIyc2VsZWN0MyUyMiUzRSUwQSUzQ29wdGlvbiUyMHZhbHVlJTNEJTIyJTIyJTIwc2VsZWN0ZWQlMjBoaWRkZW4lM0VTJUMzJUE5bGVjdGlvbm5lciUyMHZvdHJlJTIwZGF0ZSUzQyUyRm9wdGlvbiUzRSUwQSUzQ29wdGlvbiUyMHZhbHVlJTNEJTIyZXhwZXJ0LWF2YW5jZS1kZWNlbWJyZSUyMiUzRUpldWRpJTIwMTElMjBkJUMzJUE5Y2VtYnJlJTIwMjAyNSUyMDE0aDMwLTE1aDMwJTIwJTNDc3RvbmclM0UlMjhDRVQlMjklM0MlMkZzdHJvbmclM0UlM0MlMkZvcHRpb24lM0UlMEElM0NvcHRpb24lMjB2YWx1ZSUzRCUyMmV4cGVydC1hdmFuY2UtamFudmllciUyMiUzRUpldWRpJTIwMjIlMjBqYW52aWVyJTIwMjAyNiUyMDE0aDMwLTE1aDMwJTIwJTNDc3RvbmclM0UlMjhDRVQlMjklM0MlMkZzdHJvbmclM0UlM0MlMkZvcHRpb24lM0UlMEElM0NvcHRpb24lMjB2YWx1ZSUzRCUyMmV4cGVydC1hdmFuY2UtZmV2cmllciUyMiUzRUpldWRpJTIwMjYlMjBmJUMzJUE5dnJpZXIlMjAyMDI2JTIwMTRoMzAtMTVoMzAlMjAlM0NzdG9uZyUzRSUyOENFVCUyOSUzQyUyRnN0cm9uZyUzRSUzQyUyRm9wdGlvbiUzRSUwQSUzQ29wdGlvbiUyMHZhbHVlJTNEJTIyZXhwZXJ0LWF2YW5jZS1tYXJzJTIyJTNFSmV1ZGklMjAyNiUyMG1hcnMlMjAyMDI2JTIwMTRoMzAtMTVoMzAlMjAlM0NzdG9uZyUzRSUyOENFVCUyOSUzQyUyRnN0cm9uZyUzRSUzQyUyRm9wdGlvbiUzRSUwQSUzQyUyRnNlbGVjdCUzRSUwQSUwQSUzQ2RpdiUyMGNsYXNzJTNEJTIycHJpY2luZy1idG4lMjIlM0UlMEElMjAlMjAlMjAlMjAlM0NhJTIwaHJlZiUzRCUyMmh0dHBzJTNBJTJGJTJGdXMwMndlYi56b29tLnVzJTJGd2ViaW5hciUyRnJlZ2lzdGVyJTJGV05fTEVRMlQxWkhSWU9tWUdFZUFNTS0yZyUyMiUyMGNsYXNzJTNEJTIyYnRuJTIyJTIwYnV0dG9uJTNEJTIyZXhwZXJ0LWF2YW5jZS1kZWNlbWJyZSUyMiUyMHRhcmdldCUzRCUyMl9ibGFuayUyMiUzRVMlMjdpbnNjcmlyZSUzQyUyRmElM0UlMEElM0MlMkZkaXYlM0UlMEElM0NkaXYlMjBjbGFzcyUzRCUyMnByaWNpbmctYnRuJTIyJTNFJTBBJTIwJTIwJTIwJTIwJTNDYSUyMGhyZWYlM0QlMjJodHRwcyUzQSUyRiUyRnVzMDJ3ZWIuem9vbS51cyUyRndlYmluYXIlMkZyZWdpc3RlciUyRldOX2k3VmRpYTlsUnYtVS1rWlNNUkRfaHclMjIlMjBjbGFzcyUzRCUyMmJ0biUyMiUyMGJ1dHRvbiUzRCUyMmV4cGVydC1hdmFuY2UtamFudmllciUyMiUyMHRhcmdldCUzRCUyMl9ibGFuayUyMiUzRVMlMjdpbnNjcmlyZSUzQyUyRmElM0UlMEElM0MlMkZkaXYlM0UlMEElM0NkaXYlMjBjbGFzcyUzRCUyMnByaWNpbmctYnRuJTIyJTNFJTBBJTIwJTIwJTIwJTIwJTNDYSUyMGhyZWYlM0QlMjJodHRwcyUzQSUyRiUyRnVzMDJ3ZWIuem9vbS51cyUyRndlYmluYXIlMkZyZWdpc3RlciUyRldOX2NlVjU2eHI2U1hLTU5rSEcwczVpVXclMjIlMjBjbGFzcyUzRCUyMmJ0biUyMiUyMGJ1dHRvbiUzRCUyMmV4cGVydC1hdmFuY2UtZmV2cmllciUyMiUyMHRhcmdldCUzRCUyMl9ibGFuayUyMiUzRVMlMjdpbnNjcmlyZSUzQyUyRmElM0UlMEElM0MlMkZkaXYlM0UlMEElM0NkaXYlMjBjbGFzcyUzRCUyMnByaWNpbmctYnRuJTIyJTNFJTBBJTIwJTIwJTIwJTIwJTNDYSUyMGhyZWYlM0QlMjJodHRwcyUzQSUyRiUyRnVzMDJ3ZWIuem9vbS51cyUyRndlYmluYXIlMkZyZWdpc3RlciUyRldOX2hEMlh1SVhmVFF5cU9HQXpUSExRNUElMjIlMjBjbGFzcyUzRCUyMmJ0biUyMiUyMGJ1dHRvbiUzRCUyMmV4cGVydC1hdmFuY2UtbWFycyUyMiUyMHRhcmdldCUzRCUyMl9ibGFuayUyMiUzRVMlMjdpbnNjcmlyZSUzQyUyRmElM0UlMEElM0MlMkZkaXYlM0U=[\/vc_raw_html][vc_raw_js]JTNDc2NyaXB0JTNFJTBBZG9jdW1lbnQuZ2V0RWxlbWVudEJ5SWQlMjglMjJzZWxlY3QzJTIyJTI5LmFkZEV2ZW50TGlzdGVuZXIlMjglMjJjaGFuZ2UlMjIlMkMlMjAlMjhldiUyOSUyMCUzRCUzRSUyMCU3QiUwQSUyMCUyMHZhciUyMGJ1dHRvbklkMyUyMCUzRCUyMGRvY3VtZW50LmdldEVsZW1lbnRCeUlkJTI4JTIyc2VsZWN0MyUyMiUyOS52YWx1ZSUzQiUwQSUyMCUyMHZhciUyMGJ1dHRvbjMlMjAlM0QlMjBkb2N1bWVudC5xdWVyeVNlbGVjdG9yJTI4JTI3JTVCYnV0dG9uJTNEJTIyJTI3JTIwJTJCJTIwYnV0dG9uSWQzJTIwJTJCJTIwJTI3JTIyJTVEJTI3JTI5JTNCJTBBJTIwJTIwdmFyJTIwYnV0dG9uczMlMjAlM0QlMjBkb2N1bWVudC5xdWVyeVNlbGVjdG9yQWxsJTI4JTIyLmJ0biUyMiUyOS5mb3JFYWNoJTI4ZWwlMjAlM0QlM0UlMjAlN0IlMEElMjAlMjAlMjAlMjBlbC5zdHlsZS5kaXNwbGF5JTIwJTNEJTIwJTI3bm9uZSUyNyUzQiUwQSUyMCUyMCU3RCUyOSUzQiUwQSUyMCUyMGJ1dHRvbjMuc3R5bGUuZGlzcGxheSUyMCUzRCUyMCUyN2Jsb2NrJTI3JTNCJTBBJTdEJTI5JTNCJTIwJTBBJTNDJTJGc2NyaXB0JTNF[\/vc_raw_js][\/vc_column][\/vc_row][vc_row row_content_display=&#8221;in_grid&#8221; row_content_display_align=&#8221;left&#8221; row_type=&#8221;row&#8221; stretch_row_type=&#8221;yes&#8221;][vc_column][vc_message]<\/p>\n<ul>\n<li>Les formations sont pr\u00e9vues pour les utilisateurs francophones.<\/li>\n<li><strong>Les cr\u00e9neaux propos\u00e9s sont en &#8220;CET&#8221; (heure de Paris) ; \u00e0 la validation de votre inscription, choisissez votre fuseau pour avoir acc\u00e8s \u00e0 l&#8217;horaire mis \u00e0 jour.\u00a0\u00a0<\/strong><\/li>\n<li>Les cr\u00e9neaux sont positionn\u00e9s pour r\u00e9pondre aux besoins de toutes les zones g\u00e9ographiques.<\/li>\n<li>Si aucune date ne convenait, nous pouvons vous faire parvenir un replay.<\/li>\n<\/ul>\n<p>N\u2019h\u00e9sitez pas \u00e0 contacter <a href=\"mailto:satisfaction@eco-compteur.com\">satisfaction@eco-compteur.com<\/a> pour les clients francophones europ\u00e9ens et <a href=\"mailto:csm@eco-counter.com\">csm@eco-counter.com<\/a> pour les clients francophones nord-am\u00e9ricains.[\/vc_message][\/vc_column][\/vc_row]<\/p>\n","protected":false},"excerpt":{"rendered":"<p>[vc_row row_content_display=&#8221;in_grid&#8221; row_content_display_align=&#8221;left&#8221; row_type=&#8221;row&#8221; stretch_row_type=&#8221;yes&#8221;][vc_column][vc_column_text] * L\u2019offre ESSENTIEL n\u2019est pas disponible aux \u00c9tats-Unis et au Canada. [\/vc_column_text][\/vc_column][\/vc_row][vc_row row_content_display=&#8221;in_grid&#8221; row_content_display_align=&#8221;left&#8221; row_type=&#8221;row&#8221; stretch_row_type=&#8221;yes&#8221;][vc_column width=&#8221;1\/2&#8243;][vc_column_text] Formation initiale Prise en main du logiciel Param\u00e9trage &amp; outils Gestion du parc de compteurs Analyses [\/vc_column_text][vc_raw_html el_class=&#8221;formulaire-inscription&#8221;]JTNDc3R5bGUlM0UlMEEuYnRuJTIwJTdCJTBBZGlzcGxheSUzQSUyMG5vbmUlM0IlMEElN0QlMEElM0MlMkZzdHlsZSUzRSUwQSUwQSUzQ3NlbGVjdCUyMGlkJTNEJTIyc2VsZWN0MiUyMiUzRSUwQSUzQ29wdGlvbiUyMHZhbHVlJTNEJTIyJTIyJTIwc2VsZWN0ZWQlMjBoaWRkZW4lM0VTJUMzJUE5bGVjdGlvbm5lciUyMHZvdHJlJTIwZGF0ZSUzQyUyRm9wdGlvbiUzRSUwQSUzQ29wdGlvbiUyMHZhbHVlJTNEJTIyZXhwZXJ0LWluaXRpYWwtZGVjZW1icmUlMjIlM0VNZXJjcmVkaSUyMDEwJTIwZCVDMyVBOWNlbWJyZSUyMDIwMjUlMjAxNGgzMC0xNWgzMCUyMCUzQ3N0cm9uZyUzRSUyOENFVCUyOSUzQyUyRnN0cm9uZyUzRSUzQyUyRm9wdGlvbiUzRSUwQSUzQ29wdGlvbiUyMHZhbHVlJTNEJTIyZXhwZXJ0LWluaXRpYWwtamFudmllciUyMiUzRU1hcmRpJTIwMjAlMjBqYW52aWVyJTIwMjAyNiUyMDE1aC0xNmglMjAlM0NzdG9uZyUzRSUyOENFVCUyOSUzQyUyRnN0cm9uZyUzRSUzQyUyRm9wdGlvbiUzRSUwQSUzQ29wdGlvbiUyMHZhbHVlJTNEJTIyZXhwZXJ0LWluaXRpYWwtZmV2cmllciUyMiUzRU1hcmRpJTIwMjQlMjBmZXZyaWVyJTIwMjAyNiUyMDE1aC0xNmglMjAlM0NzdG9uZyUzRSUyOENFVCUyOSUzQyUyRnN0cm9uZyUzRSUzQyUyRm9wdGlvbiUzRSUwQSUzQ29wdGlvbiUyMHZhbHVlJTNEJTIyZXhwZXJ0LWluaXRpYWwtbWFycyUyMiUzRU1hcmRpJTIwMjQlMjBtYXJzJTIwMjAyNiUyMDE1aC0xNmglMjAlM0NzdG9uZyUzRSUyOENFVCUyOSUzQyUyRnN0cm9uZyUzRSUzQyUyRm9wdGlvbiUzRSUwQSUzQyUyRnNlbGVjdCUzRSUwQSUwQSUzQ2RpdiUyMGNsYXNzJTNEJTIycHJpY2luZy1idG4lMjIlM0UlMEElMjAlMjAlMjAlMjAlM0NhJTIwaHJlZiUzRCUyMmh0dHBzJTNBJTJGJTJGdXMwMndlYi56b29tLnVzJTJGd2ViaW5hciUyRnJlZ2lzdGVyJTJGV05fZ0N2dkc0eTNTSG1KT3Y4c3hkYTc4USUyMiUyMGNsYXNzJTNEJTIyYnRuJTIyJTIwYnV0dG9uJTNEJTIyZXhwZXJ0LWluaXRpYWwtZGVjZW1icmUlMjIlMjB0YXJnZXQlM0QlMjJfYmxhbmslMjIlM0VTJTI3aW5zY3JpcmUlM0MlMkZhJTNFJTBBJTNDJTJGZGl2JTNFJTBBJTNDZGl2JTIwY2xhc3MlM0QlMjJwcmljaW5nLWJ0biUyMiUzRSUwQSUyMCUyMCUyMCUyMCUzQ2ElMjBocmVmJTNEJTIyaHR0cHMlM0ElMkYlMkZ1czAyd2ViLnpvb20udXMlMkZ3ZWJpbmFyJTJGcmVnaXN0ZXIlMkZXTl8wNjdRdW5JWFR6T2hTX2x5UWc3QW9nJTIyJTIwY2xhc3MlM0QlMjJidG4lMjIlMjBidXR0b24lM0QlMjJleHBlcnQtaW5pdGlhbC1qYW52aWVyJTIyJTIwdGFyZ2V0JTNEJTIyX2JsYW5rJTIyJTNFUyUyN2luc2NyaXJlJTNDJTJGYSUzRSUwQSUzQyUyRmRpdiUzRSUwQSUzQ2RpdiUyMGNsYXNzJTNEJTIycHJpY2luZy1idG4lMjIlM0UlMEElMjAlMjAlMjAlMjAlM0NhJTIwaHJlZiUzRCUyMmh0dHBzJTNBJTJGJTJGdXMwMndlYi56b29tLnVzJTJGd2ViaW5hciUyRnJlZ2lzdGVyJTJGV05fZ1hrb1dVN0FRaFdQc0VTOTYxMmhoZyUyMiUyMGNsYXNzJTNEJTIyYnRuJTIyJTIwYnV0dG9uJTNEJTIyZXhwZXJ0LWluaXRpYWwtZmV2cmllciUyMiUyMHRhcmdldCUzRCUyMl9ibGFuayUyMiUzRVMlMjdpbnNjcmlyZSUzQyUyRmElM0UlMEElM0MlMkZkaXYlM0UlMEElM0NkaXYlMjBjbGFzcyUzRCUyMnByaWNpbmctYnRuJTIyJTNFJTBBJTIwJTIwJTIwJTIwJTNDYSUyMGhyZWYlM0QlMjJodHRwcyUzQSUyRiUyRnVzMDJ3ZWIuem9vbS51cyUyRndlYmluYXIlMkZyZWdpc3RlciUyRldOX24wNkltV3dPUWZhNzZKdHQzS1BhYkElMjIlMjBjbGFzcyUzRCUyMmJ0biUyMiUyMGJ1dHRvbiUzRCUyMmV4cGVydC1pbml0aWFsLW1hcnMlMjIlMjB0YXJnZXQlM0QlMjJfYmxhbmslMjIlM0VTJTI3aW5zY3JpcmUlM0MlMkZhJTNFJTBBJTNDJTJGZGl2JTNF[\/vc_raw_html][vc_raw_js]JTNDc2NyaXB0JTNFJTBBZG9jdW1lbnQuZ2V0RWxlbWVudEJ5SWQlMjglMjJzZWxlY3QyJTIyJTI5LmFkZEV2ZW50TGlzdGVuZXIlMjglMjJjaGFuZ2UlMjIlMkMlMjAlMjhldiUyOSUyMCUzRCUzRSUyMCU3QiUwQSUyMCUyMHZhciUyMGJ1dHRvbklkMiUyMCUzRCUyMGRvY3VtZW50LmdldEVsZW1lbnRCeUlkJTI4JTIyc2VsZWN0MiUyMiUyOS52YWx1ZSUzQiUwQSUyMCUyMHZhciUyMGJ1dHRvbjIlMjAlM0QlMjBkb2N1bWVudC5xdWVyeVNlbGVjdG9yJTI4JTI3JTVCYnV0dG9uJTNEJTIyJTI3JTIwJTJCJTIwYnV0dG9uSWQyJTIwJTJCJTIwJTI3JTIyJTVEJTI3JTI5JTNCJTBBJTIwJTIwdmFyJTIwYnV0dG9uczIlMjAlM0QlMjBkb2N1bWVudC5xdWVyeVNlbGVjdG9yQWxsJTI4JTIyLmJ0biUyMiUyOS5mb3JFYWNoJTI4ZWwlMjAlM0QlM0UlMjAlN0IlMEElMjAlMjAlMjAlMjBlbC5zdHlsZS5kaXNwbGF5JTIwJTNEJTIwJTI3bm9uZSUyNyUzQiUwQSUyMCUyMCU3RCUyOSUzQiUwQSUyMCUyMGJ1dHRvbjIuc3R5bGUuZGlzcGxheSUyMCUzRCUyMCUyN2Jsb2NrJTI3JTNCJTBBJTdEJTI5JTNCJTIwJTBBJTNDJTJGc2NyaXB0JTNF[\/vc_raw_js][\/vc_column][vc_column width=&#8221;1\/2&#8243;][vc_column_text] Formation avanc\u00e9e Param\u00e9trage avanc\u00e9 Validation &amp; reconstruction des donn\u00e9es \u00c9tablissement d&#8217;un tableau de bord [&hellip;]<\/p>\n","protected":false},"author":13,"featured_media":0,"parent":0,"menu_order":0,"comment_status":"closed","ping_status":"closed","template":"","meta":{"_uag_custom_page_level_css":"","footnotes":""},"class_list":["post-10507","page","type-page","status-publish","hentry"],"lang":"fr","translations":{"fr":10507},"uagb_featured_image_src":{"full":false,"thumbnail":false,"medium":false,"medium_large":false,"large":false,"1536x1536":false,"2048x2048":false,"post-thumbnail":false,"lipi-image-700x525":false},"uagb_author_info":{"display_name":"S\u00e9bastien Le Scour","author_link":"https:\/\/help.eco-visio.net\/index.php\/author\/sebastien\/"},"uagb_comment_info":0,"uagb_excerpt":"[vc_row row_content_display=&#8221;in_grid&#8221; row_content_display_align=&#8221;left&#8221; row_type=&#8221;row&#8221; stretch_row_type=&#8221;yes&#8221;][vc_column][vc_column_text] * L\u2019offre ESSENTIEL n\u2019est pas disponible aux \u00c9tats-Unis et au Canada. [\/vc_column_text][\/vc_column][\/vc_row][vc_row row_content_display=&#8221;in_grid&#8221; row_content_display_align=&#8221;left&#8221; row_type=&#8221;row&#8221; stretch_row_type=&#8221;yes&#8221;][vc_column width=&#8221;1\/2&#8243;][vc_column_text] Formation initiale Prise en main du logiciel Param\u00e9trage &amp; outils Gestion du parc de compteurs Analyses [\/vc_column_text][vc_raw_html el_class=&#8221;formulaire-inscription&#8221;]JTNDc3R5bGUlM0UlMEEuYnRuJTIwJTdCJTBBZGlzcGxheSUzQSUyMG5vbmUlM0IlMEElN0QlMEElM0MlMkZzdHlsZSUzRSUwQSUwQSUzQ3NlbGVjdCUyMGlkJTNEJTIyc2VsZWN0MiUyMiUzRSUwQSUzQ29wdGlvbiUyMHZhbHVlJTNEJTIyJTIyJTIwc2VsZWN0ZWQlMjBoaWRkZW4lM0VTJUMzJUE5bGVjdGlvbm5lciUyMHZvdHJlJTIwZGF0ZSUzQyUyRm9wdGlvbiUzRSUwQSUzQ29wdGlvbiUyMHZhbHVlJTNEJTIyZXhwZXJ0LWluaXRpYWwtZGVjZW1icmUlMjIlM0VNZXJjcmVkaSUyMDEwJTIwZCVDMyVBOWNlbWJyZSUyMDIwMjUlMjAxNGgzMC0xNWgzMCUyMCUzQ3N0cm9uZyUzRSUyOENFVCUyOSUzQyUyRnN0cm9uZyUzRSUzQyUyRm9wdGlvbiUzRSUwQSUzQ29wdGlvbiUyMHZhbHVlJTNEJTIyZXhwZXJ0LWluaXRpYWwtamFudmllciUyMiUzRU1hcmRpJTIwMjAlMjBqYW52aWVyJTIwMjAyNiUyMDE1aC0xNmglMjAlM0NzdG9uZyUzRSUyOENFVCUyOSUzQyUyRnN0cm9uZyUzRSUzQyUyRm9wdGlvbiUzRSUwQSUzQ29wdGlvbiUyMHZhbHVlJTNEJTIyZXhwZXJ0LWluaXRpYWwtZmV2cmllciUyMiUzRU1hcmRpJTIwMjQlMjBmZXZyaWVyJTIwMjAyNiUyMDE1aC0xNmglMjAlM0NzdG9uZyUzRSUyOENFVCUyOSUzQyUyRnN0cm9uZyUzRSUzQyUyRm9wdGlvbiUzRSUwQSUzQ29wdGlvbiUyMHZhbHVlJTNEJTIyZXhwZXJ0LWluaXRpYWwtbWFycyUyMiUzRU1hcmRpJTIwMjQlMjBtYXJzJTIwMjAyNiUyMDE1aC0xNmglMjAlM0NzdG9uZyUzRSUyOENFVCUyOSUzQyUyRnN0cm9uZyUzRSUzQyUyRm9wdGlvbiUzRSUwQSUzQyUyRnNlbGVjdCUzRSUwQSUwQSUzQ2RpdiUyMGNsYXNzJTNEJTIycHJpY2luZy1idG4lMjIlM0UlMEElMjAlMjAlMjAlMjAlM0NhJTIwaHJlZiUzRCUyMmh0dHBzJTNBJTJGJTJGdXMwMndlYi56b29tLnVzJTJGd2ViaW5hciUyRnJlZ2lzdGVyJTJGV05fZ0N2dkc0eTNTSG1KT3Y4c3hkYTc4USUyMiUyMGNsYXNzJTNEJTIyYnRuJTIyJTIwYnV0dG9uJTNEJTIyZXhwZXJ0LWluaXRpYWwtZGVjZW1icmUlMjIlMjB0YXJnZXQlM0QlMjJfYmxhbmslMjIlM0VTJTI3aW5zY3JpcmUlM0MlMkZhJTNFJTBBJTNDJTJGZGl2JTNFJTBBJTNDZGl2JTIwY2xhc3MlM0QlMjJwcmljaW5nLWJ0biUyMiUzRSUwQSUyMCUyMCUyMCUyMCUzQ2ElMjBocmVmJTNEJTIyaHR0cHMlM0ElMkYlMkZ1czAyd2ViLnpvb20udXMlMkZ3ZWJpbmFyJTJGcmVnaXN0ZXIlMkZXTl8wNjdRdW5JWFR6T2hTX2x5UWc3QW9nJTIyJTIwY2xhc3MlM0QlMjJidG4lMjIlMjBidXR0b24lM0QlMjJleHBlcnQtaW5pdGlhbC1qYW52aWVyJTIyJTIwdGFyZ2V0JTNEJTIyX2JsYW5rJTIyJTNFUyUyN2luc2NyaXJlJTNDJTJGYSUzRSUwQSUzQyUyRmRpdiUzRSUwQSUzQ2RpdiUyMGNsYXNzJTNEJTIycHJpY2luZy1idG4lMjIlM0UlMEElMjAlMjAlMjAlMjAlM0NhJTIwaHJlZiUzRCUyMmh0dHBzJTNBJTJGJTJGdXMwMndlYi56b29tLnVzJTJGd2ViaW5hciUyRnJlZ2lzdGVyJTJGV05fZ1hrb1dVN0FRaFdQc0VTOTYxMmhoZyUyMiUyMGNsYXNzJTNEJTIyYnRuJTIyJTIwYnV0dG9uJTNEJTIyZXhwZXJ0LWluaXRpYWwtZmV2cmllciUyMiUyMHRhcmdldCUzRCUyMl9ibGFuayUyMiUzRVMlMjdpbnNjcmlyZSUzQyUyRmElM0UlMEElM0MlMkZkaXYlM0UlMEElM0NkaXYlMjBjbGFzcyUzRCUyMnByaWNpbmctYnRuJTIyJTNFJTBBJTIwJTIwJTIwJTIwJTNDYSUyMGhyZWYlM0QlMjJodHRwcyUzQSUyRiUyRnVzMDJ3ZWIuem9vbS51cyUyRndlYmluYXIlMkZyZWdpc3RlciUyRldOX24wNkltV3dPUWZhNzZKdHQzS1BhYkElMjIlMjBjbGFzcyUzRCUyMmJ0biUyMiUyMGJ1dHRvbiUzRCUyMmV4cGVydC1pbml0aWFsLW1hcnMlMjIlMjB0YXJnZXQlM0QlMjJfYmxhbmslMjIlM0VTJTI3aW5zY3JpcmUlM0MlMkZhJTNFJTBBJTNDJTJGZGl2JTNF[\/vc_raw_html][vc_raw_js]JTNDc2NyaXB0JTNFJTBBZG9jdW1lbnQuZ2V0RWxlbWVudEJ5SWQlMjglMjJzZWxlY3QyJTIyJTI5LmFkZEV2ZW50TGlzdGVuZXIlMjglMjJjaGFuZ2UlMjIlMkMlMjAlMjhldiUyOSUyMCUzRCUzRSUyMCU3QiUwQSUyMCUyMHZhciUyMGJ1dHRvbklkMiUyMCUzRCUyMGRvY3VtZW50LmdldEVsZW1lbnRCeUlkJTI4JTIyc2VsZWN0MiUyMiUyOS52YWx1ZSUzQiUwQSUyMCUyMHZhciUyMGJ1dHRvbjIlMjAlM0QlMjBkb2N1bWVudC5xdWVyeVNlbGVjdG9yJTI4JTI3JTVCYnV0dG9uJTNEJTIyJTI3JTIwJTJCJTIwYnV0dG9uSWQyJTIwJTJCJTIwJTI3JTIyJTVEJTI3JTI5JTNCJTBBJTIwJTIwdmFyJTIwYnV0dG9uczIlMjAlM0QlMjBkb2N1bWVudC5xdWVyeVNlbGVjdG9yQWxsJTI4JTIyLmJ0biUyMiUyOS5mb3JFYWNoJTI4ZWwlMjAlM0QlM0UlMjAlN0IlMEElMjAlMjAlMjAlMjBlbC5zdHlsZS5kaXNwbGF5JTIwJTNEJTIwJTI3bm9uZSUyNyUzQiUwQSUyMCUyMCU3RCUyOSUzQiUwQSUyMCUyMGJ1dHRvbjIuc3R5bGUuZGlzcGxheSUyMCUzRCUyMCUyN2Jsb2NrJTI3JTNCJTBBJTdEJTI5JTNCJTIwJTBBJTNDJTJGc2NyaXB0JTNF[\/vc_raw_js][\/vc_column][vc_column width=&#8221;1\/2&#8243;][vc_column_text] Formation avanc\u00e9e Param\u00e9trage avanc\u00e9 Validation &amp; reconstruction des donn\u00e9es \u00c9tablissement d&#8217;un tableau de bord&hellip;","pll_sync_post":[],"_links":{"self":[{"href":"https:\/\/help.eco-visio.net\/index.php\/wp-json\/wp\/v2\/pages\/10507","targetHints":{"allow":["GET"]}}],"collection":[{"href":"https:\/\/help.eco-visio.net\/index.php\/wp-json\/wp\/v2\/pages"}],"about":[{"href":"https:\/\/help.eco-visio.net\/index.php\/wp-json\/wp\/v2\/types\/page"}],"author":[{"embeddable":true,"href":"https:\/\/help.eco-visio.net\/index.php\/wp-json\/wp\/v2\/users\/13"}],"replies":[{"embeddable":true,"href":"https:\/\/help.eco-visio.net\/index.php\/wp-json\/wp\/v2\/comments?post=10507"}],"version-history":[{"count":13,"href":"https:\/\/help.eco-visio.net\/index.php\/wp-json\/wp\/v2\/pages\/10507\/revisions"}],"predecessor-version":[{"id":10816,"href":"https:\/\/help.eco-visio.net\/index.php\/wp-json\/wp\/v2\/pages\/10507\/revisions\/10816"}],"wp:attachment":[{"href":"https:\/\/help.eco-visio.net\/index.php\/wp-json\/wp\/v2\/media?parent=10507"}],"curies":[{"name":"wp","href":"https:\/\/api.w.org\/{rel}","templated":true}]}}